{"id":3905,"date":"2025-09-09T07:18:39","date_gmt":"2025-09-09T07:18:39","guid":{"rendered":"https:\/\/dentistaenzaragoza.net\/?page_id=3905"},"modified":"2025-09-09T07:18:39","modified_gmt":"2025-09-09T07:18:39","slug":"contact","status":"publish","type":"page","link":"https:\/\/dentistaenzaragoza.net\/en\/contact\/","title":{"rendered":"Contact"},"content":{"rendered":"\n<style type=\"text\/css\" data-created_by=\"avia_inline_auto\" id=\"style-css-av-ktmhkyog-a6bd532cc8c30c74bf25cc51d6c267aa\">\n.avia-section.av-ktmhkyog-a6bd532cc8c30c74bf25cc51d6c267aa{\nbackground-color:#83a846;\nbackground-image:unset;\n}\n<\/style>\n<div id='av_section_1'  class='avia-section av-ktmhkyog-a6bd532cc8c30c74bf25cc51d6c267aa main_color avia-section-default avia-no-border-styling  avia-builder-el-0  el_before_av_two_third  avia-builder-el-first  avia-bg-style-scroll container_wrap fullsize'  ><div class='container av-section-cont-open' ><main  class='template-page content  av-content-full alpha units'><div class='post-entry post-entry-type-page post-entry-3905'><div class='entry-content-wrapper clearfix'>\n\n<style type=\"text\/css\" data-created_by=\"avia_inline_auto\" id=\"style-css-av-ktmhknnl-d29267a39a3d2bbbc2b9a0d2ab0d3f06\">\n#top .av-special-heading.av-ktmhknnl-d29267a39a3d2bbbc2b9a0d2ab0d3f06{\npadding-bottom:10px;\ncolor:#ffffff;\n}\nbody .av-special-heading.av-ktmhknnl-d29267a39a3d2bbbc2b9a0d2ab0d3f06 .av-special-heading-tag .heading-char{\nfont-size:25px;\n}\n.av-special-heading.av-ktmhknnl-d29267a39a3d2bbbc2b9a0d2ab0d3f06 .special-heading-inner-border{\nborder-color:#ffffff;\n}\n.av-special-heading.av-ktmhknnl-d29267a39a3d2bbbc2b9a0d2ab0d3f06 .av-subheading{\nfont-size:15px;\n}\n<\/style>\n<div  class='av-special-heading av-ktmhknnl-d29267a39a3d2bbbc2b9a0d2ab0d3f06 av-special-heading-h1 custom-color-heading blockquote modern-quote modern-centered  avia-builder-el-1  avia-builder-el-no-sibling '><h1 class='av-special-heading-tag '  >CONTACT OUR CLINIC<\/h1><div class='av_custom_color av-subheading av-subheading_below'><p>We offer several ways to contact us<\/p>\n<\/div><div class=\"special-heading-border\"><div class=\"special-heading-inner-border\"><\/div><\/div><\/div>\n<\/div><\/div><\/main><!-- close content main element --><\/div><\/div><div id='after_section_1'  class='main_color av_default_container_wrap container_wrap fullsize'  ><div class='container av-section-cont-open' ><div class='template-page content  av-content-full alpha units'><div class='post-entry post-entry-type-page post-entry-3905'><div class='entry-content-wrapper clearfix'>\n<style type=\"text\/css\" data-created_by=\"avia_inline_auto\" id=\"style-css-av-9b6fe5-30b7f9e458333fcd61ce3883b7123886\">\n.flex_column.av-9b6fe5-30b7f9e458333fcd61ce3883b7123886{\nborder-radius:0px 0px 0px 0px;\npadding:0px 0px 0px 0px;\n}\n<\/style>\n<div  class='flex_column av-9b6fe5-30b7f9e458333fcd61ce3883b7123886 av_two_third  avia-builder-el-2  el_after_av_section  el_before_av_one_third  avia-builder-el-first  first flex_column_div av-zero-column-padding  '     ><p>\n<style type=\"text\/css\" data-created_by=\"avia_inline_auto\" id=\"style-css-av-3pwewt-935d0a354c096ea6ffd0c760ee8f8eff\">\n#top .av-special-heading.av-3pwewt-935d0a354c096ea6ffd0c760ee8f8eff{\npadding-bottom:10px;\n}\nbody .av-special-heading.av-3pwewt-935d0a354c096ea6ffd0c760ee8f8eff .av-special-heading-tag .heading-char{\nfont-size:25px;\n}\n.av-special-heading.av-3pwewt-935d0a354c096ea6ffd0c760ee8f8eff .av-subheading{\nfont-size:15px;\n}\n<\/style>\n<div  class='av-special-heading av-3pwewt-935d0a354c096ea6ffd0c760ee8f8eff av-special-heading-h3 blockquote modern-quote modern-centered  avia-builder-el-3  el_before_av_textblock  avia-builder-el-first '><h3 class='av-special-heading-tag '  >We look forward to hearing from you!<\/h3><div class=\"special-heading-border\"><div class=\"special-heading-inner-border\"><\/div><\/div><\/div><br \/>\n<section  class='av_textblock_section av-ignpkd-97a0f4dce72b6e7ce057ca930115dd9a '  ><div class='avia_textblock' ><p style=\"text-align: center;\">We will respond as soon as possible. If you prefer, you can call us by phone.<\/p>\n<\/div><\/section><br \/>\n<section  class='av_textblock_section av-kunv8iwj-660eb927f01cf1542a848c6fd9741050 '  ><div class='avia_textblock' >\n<div class=\"wpcf7 no-js\" id=\"wpcf7-f3051-o1\" lang=\"es-ES\" dir=\"ltr\" data-wpcf7-id=\"3051\">\n<div class=\"screen-reader-response\"><p role=\"status\" aria-live=\"polite\" aria-atomic=\"true\"><\/p> <ul><\/ul><\/div>\n<form action=\"\/en\/wp-json\/wp\/v2\/pages\/3905#wpcf7-f3051-o1\" method=\"post\" class=\"wpcf7-form init\" aria-label=\"Formulario de contacto\" novalidate=\"novalidate\" data-status=\"init\">\n<fieldset class=\"hidden-fields-container\"><input type=\"hidden\" name=\"_wpcf7\" value=\"3051\" \/><input type=\"hidden\" name=\"_wpcf7_version\" value=\"6.1.2\" \/><input type=\"hidden\" name=\"_wpcf7_locale\" value=\"es_ES\" \/><input type=\"hidden\" name=\"_wpcf7_unit_tag\" value=\"wpcf7-f3051-o1\" \/><input type=\"hidden\" name=\"_wpcf7_container_post\" value=\"0\" \/><input type=\"hidden\" name=\"_wpcf7_posted_data_hash\" value=\"\" \/>\n<\/fieldset>\n<div class=\"flex_column av_one_half first\">\n\t<p><span class=\"wpcf7-form-control-wrap\" data-name=\"your-name\"><input size=\"40\" maxlength=\"400\" class=\"wpcf7-form-control wpcf7-text wpcf7-validates-as-required\" aria-required=\"true\" aria-invalid=\"false\" placeholder=\"Name*\" value=\"\" type=\"text\" name=\"your-name\" \/><\/span>\n\t<\/p>\n<\/div>\n<div class=\"flex_column av_one_half second\">\n\t<p><span class=\"wpcf7-form-control-wrap\" data-name=\"email-887\"><input size=\"40\" maxlength=\"400\" class=\"wpcf7-form-control wpcf7-email wpcf7-validates-as-required wpcf7-text wpcf7-validates-as-email\" aria-required=\"true\" aria-invalid=\"false\" placeholder=\"E-mail*\" value=\"\" type=\"email\" name=\"email-887\" \/><\/span>\n\t<\/p>\n<\/div>\n<div class=\"flex_column av_one_half first\">\n\t<p><span class=\"wpcf7-form-control-wrap\" data-name=\"contact-number\"><input size=\"40\" maxlength=\"400\" class=\"wpcf7-form-control wpcf7-tel wpcf7-text wpcf7-validates-as-tel\" aria-invalid=\"false\" placeholder=\"Phone Number*\" value=\"\" type=\"tel\" name=\"contact-number\" \/><\/span>\n\t<\/p>\n<\/div>\n<div class=\"flex_column av_one_half second\">\n\t<p><span class=\"wpcf7-form-control-wrap\" data-name=\"your-subject\"><input size=\"40\" maxlength=\"400\" class=\"wpcf7-form-control wpcf7-text\" aria-invalid=\"false\" placeholder=\"Subject\" value=\"\" type=\"text\" name=\"your-subject\" \/><\/span>\n\t<\/p>\n<\/div>\n<div>\n\t<p><span class=\"wpcf7-form-control-wrap\" data-name=\"your-message\"><textarea cols=\"40\" rows=\"10\" maxlength=\"2000\" class=\"wpcf7-form-control wpcf7-textarea\" aria-invalid=\"false\" placeholder=\"Your message*\" name=\"your-message\"><\/textarea><\/span>\n\t<\/p>\n<\/div>\n<div>\n\t<p><span class=\"wpcf7-form-control-wrap\" data-name=\"capital-quiz\"><label><span class=\"wpcf7-quiz-label\">Security question: Which is the last month of the year?<\/span> <input size=\"40\" class=\"wpcf7-form-control wpcf7-quiz\" autocomplete=\"off\" aria-required=\"true\" aria-invalid=\"false\" type=\"text\" name=\"capital-quiz\" \/><\/label><input type=\"hidden\" name=\"_wpcf7_quiz_answer_capital-quiz\" value=\"e6db3ad873d9b1984464bed92ac4a8dd\" \/><\/span>\n\t<\/p>\n<\/div>\n<div>\n\t<p><span class=\"wpcf7-form-control-wrap\" data-name=\"acceptance-853\"><span class=\"wpcf7-form-control wpcf7-acceptance\"><span class=\"wpcf7-list-item\"><label><input type=\"checkbox\" name=\"acceptance-853\" value=\"1\" aria-invalid=\"false\" \/><span class=\"wpcf7-list-item-label\">I accept the terms and conditions and the <a href=\"https:\/\/dentistaenzaragoza.net\/politica-de-privacidad\/\">privacy policy<\/a>.<\/span><\/label><\/span><\/span><\/span>\n\t<\/p>\n<\/div>\n<p><input class=\"wpcf7-form-control wpcf7-submit has-spinner\" type=\"submit\" value=\"CONTACT\" \/>\n<\/p>\n<p><span id=\"wpcf7-6a04ce172e20c-wrapper\" class=\"wpcf7-form-control-wrap Email-531-wrap\" ><label for=\"wpcf7-6a04ce172e20c-field\" class=\"hp-message\">Por favor, deja este campo vac\u00edo.<\/label><input id=\"wpcf7-6a04ce172e20c-field\"  class=\"wpcf7-form-control wpcf7-text\" type=\"text\" name=\"Email-531\" value=\"\" size=\"40\" tabindex=\"-1\" autocomplete=\"new-password\" \/><\/span>\n<\/p><p style=\"display: none !important;\" class=\"akismet-fields-container\" data-prefix=\"_wpcf7_ak_\"><label>&#916;<textarea name=\"_wpcf7_ak_hp_textarea\" cols=\"45\" rows=\"8\" maxlength=\"100\"><\/textarea><\/label><input type=\"hidden\" id=\"ak_js_1\" name=\"_wpcf7_ak_js\" value=\"161\"\/><script>document.getElementById( \"ak_js_1\" ).setAttribute( \"value\", ( new Date() ).getTime() );<\/script><\/p><div class=\"wpcf7-response-output\" aria-hidden=\"true\"><\/div>\n<\/form>\n<\/div>\n\n<\/div><\/section><\/p><\/div>\n<style type=\"text\/css\" data-created_by=\"avia_inline_auto\" id=\"style-css-av-j71i5-dde430fa2961042a69d3e92cb13bbb39\">\n.flex_column.av-j71i5-dde430fa2961042a69d3e92cb13bbb39{\nborder-radius:0px 0px 0px 0px;\npadding:0px 0px 0px 0px;\n}\n<\/style>\n<div  class='flex_column av-j71i5-dde430fa2961042a69d3e92cb13bbb39 av_one_third  avia-builder-el-6  el_after_av_two_third  el_before_av_section  avia-builder-el-last  flex_column_div av-zero-column-padding  '     ><section  class='av_textblock_section av-45gwdp-898f5e072fe4078bf91035490b0b8063 '  ><div class='avia_textblock' ><h3>Adress<\/h3>\n<p>Cl\u00ednica Dental Dra. Tal\u00eda Gil Pen\u00f3n. Av. de G\u00f3mez Laguna, n\u00b024, piso 1 puerta 4, 50009 Zaragoza<\/p>\n<h3>Phone<\/h3>\n<p>976 757744<\/p>\n<h3>Email<\/h3>\n<p>clinicadentaltaliagil@gmail.com<\/p>\n<\/div><\/section><\/div><\/div><\/div><\/div><!-- close content main div --><\/div><\/div><div id='av_section_2'  class='avia-section av-35plsd-27d0f79a0fbd3f4a90f951b7803fc18c main_color avia-section-default avia-no-border-styling  avia-builder-el-8  el_after_av_one_third  el_before_av_one_fourth  avia-bg-style-scroll container_wrap fullsize'  ><div class='container av-section-cont-open' ><div class='template-page content  av-content-full alpha units'><div class='post-entry post-entry-type-page post-entry-3905'><div class='entry-content-wrapper clearfix'>\n<section  class='av_textblock_section av-khzbh-fca11bf345d3563dfded93245b96320b '  ><div class='avia_textblock' ><p style=\"text-align: center;\"><iframe style=\"border: 0;\" src=\"https:\/\/www.google.com\/maps\/embed?pb=!1m14!1m8!1m3!1d11926.571437517125!2d-0.9104737!3d41.6418505!3m2!1i1024!2i768!4f13.1!3m3!1m2!1s0x0%3A0x3e3dc3472ade0405!2sCl%C3%ADnica+Dental+Dra.+Tal%C3%ADa+Gil+Pen%C3%B3n!5e0!3m2!1ses!2ses!4v1551120071514\" width=\"1000\" height=\"300\" frameborder=\"0\" allowfullscreen=\"allowfullscreen\"><\/iframe><\/p>\n<\/div><\/section>\n<\/div><\/div><\/div><!-- close content main div --><\/div><\/div><div id='after_section_2'  class='main_color av_default_container_wrap container_wrap fullsize'  ><div class='container av-section-cont-open' ><div class='template-page content  av-content-full alpha units'><div class='post-entry post-entry-type-page post-entry-3905'><div class='entry-content-wrapper clearfix'><\/p>\n\n<style type=\"text\/css\" data-created_by=\"avia_inline_auto\" id=\"style-css-av-6i5dr1-cf8c6c12e2fd7248eeed191ff41ad925\">\n.flex_column.av-6i5dr1-cf8c6c12e2fd7248eeed191ff41ad925{\nborder-radius:0px 0px 0px 0px;\npadding:0px 0px 0px 0px;\n}\n<\/style>\n<div  class='flex_column av-6i5dr1-cf8c6c12e2fd7248eeed191ff41ad925 av_one_fourth  avia-builder-el-10  el_after_av_section  avia-builder-el-no-sibling  first flex_column_div av-zero-column-padding  '     ><p><section  class='av_textblock_section av-3wg6kd-75b192ed764cd5931ae8d0c70837f72f '  ><div class='avia_textblock' >\n<\/div><\/section><br \/>\n<\/p><\/div>\n","protected":false},"excerpt":{"rendered":"","protected":false},"author":1,"featured_media":0,"parent":0,"menu_order":0,"comment_status":"open","ping_status":"open","template":"","meta":{"footnotes":""},"class_list":["post-3905","page","type-page","status-publish","hentry"],"yoast_head":"<!-- This site is optimized with the Yoast SEO plugin v26.0 - https:\/\/yoast.com\/wordpress\/plugins\/seo\/ -->\n<title>Get in touch with us, we look forward to hearing from you!<\/title>\n<meta name=\"description\" content=\"We offer a wide variety of contact methods: phone, email, contact form... We look forward to hearing from you!\" \/>\n<meta name=\"robots\" content=\"index, follow, max-snippet:-1, max-image-preview:large, max-video-preview:-1\" \/>\n<link rel=\"canonical\" href=\"https:\/\/dentistaenzaragoza.net\/en\/contact\/\" \/>\n<meta property=\"og:locale\" content=\"en_US\" \/>\n<meta property=\"og:type\" content=\"article\" \/>\n<meta property=\"og:title\" content=\"Get in touch with us, we look forward to hearing from you!\" \/>\n<meta property=\"og:description\" content=\"We offer a wide variety of contact methods: phone, email, contact form... We look forward to hearing from you!\" \/>\n<meta property=\"og:url\" content=\"https:\/\/dentistaenzaragoza.net\/en\/contact\/\" \/>\n<meta property=\"og:site_name\" content=\"Cl&iacute;nica Dental Dra. Tal&iacute;a Gil Pen&oacute;n\" \/>\n<meta property=\"article:publisher\" content=\"https:\/\/www.facebook.com\/clinicadentaltaliagil\/\" \/>\n<meta name=\"twitter:card\" content=\"summary_large_image\" \/>\n<meta name=\"twitter:site\" content=\"@DentistaZgz\" \/>\n<meta name=\"twitter:label1\" content=\"Est. reading time\" \/>\n\t<meta name=\"twitter:data1\" content=\"1 minute\" \/>\n<script type=\"application\/ld+json\" class=\"yoast-schema-graph\">{\"@context\":\"https:\/\/schema.org\",\"@graph\":[{\"@type\":\"WebPage\",\"@id\":\"https:\/\/dentistaenzaragoza.net\/en\/contact\/\",\"url\":\"https:\/\/dentistaenzaragoza.net\/en\/contact\/\",\"name\":\"Get in touch with us, we look forward to hearing from you!\",\"isPartOf\":{\"@id\":\"https:\/\/dentistaenzaragoza.net\/#website\"},\"datePublished\":\"2025-09-09T07:18:39+00:00\",\"description\":\"We offer a wide variety of contact methods: phone, email, contact form... We look forward to hearing from you!\",\"breadcrumb\":{\"@id\":\"https:\/\/dentistaenzaragoza.net\/en\/contact\/#breadcrumb\"},\"inLanguage\":\"en-US\",\"potentialAction\":[{\"@type\":\"ReadAction\",\"target\":[\"https:\/\/dentistaenzaragoza.net\/en\/contact\/\"]}]},{\"@type\":\"BreadcrumbList\",\"@id\":\"https:\/\/dentistaenzaragoza.net\/en\/contact\/#breadcrumb\",\"itemListElement\":[{\"@type\":\"ListItem\",\"position\":1,\"name\":\"Portada\",\"item\":\"https:\/\/dentistaenzaragoza.net\/\"},{\"@type\":\"ListItem\",\"position\":2,\"name\":\"Contact\"}]},{\"@type\":\"WebSite\",\"@id\":\"https:\/\/dentistaenzaragoza.net\/#website\",\"url\":\"https:\/\/dentistaenzaragoza.net\/\",\"name\":\"Cl&iacute;nica Dental Dra. Tal&iacute;a Gil Pen&oacute;n\",\"description\":\"Dentistas en Zaragoza, su clinica dental\",\"publisher\":{\"@id\":\"https:\/\/dentistaenzaragoza.net\/#organization\"},\"potentialAction\":[{\"@type\":\"SearchAction\",\"target\":{\"@type\":\"EntryPoint\",\"urlTemplate\":\"https:\/\/dentistaenzaragoza.net\/?s={search_term_string}\"},\"query-input\":{\"@type\":\"PropertyValueSpecification\",\"valueRequired\":true,\"valueName\":\"search_term_string\"}}],\"inLanguage\":\"en-US\"},{\"@type\":\"Organization\",\"@id\":\"https:\/\/dentistaenzaragoza.net\/#organization\",\"name\":\"Cl\u00ednica Dental Dra. Tal\u00eda Gil Pen\u00f3n\",\"url\":\"https:\/\/dentistaenzaragoza.net\/\",\"logo\":{\"@type\":\"ImageObject\",\"inLanguage\":\"en-US\",\"@id\":\"https:\/\/dentistaenzaragoza.net\/#\/schema\/logo\/image\/\",\"url\":\"https:\/\/dentistaenzaragoza.net\/wp-content\/uploads\/2019\/02\/dentista-zaragoza-barato-logo2.jpg\",\"contentUrl\":\"https:\/\/dentistaenzaragoza.net\/wp-content\/uploads\/2019\/02\/dentista-zaragoza-barato-logo2.jpg\",\"width\":340,\"height\":156,\"caption\":\"Cl\u00ednica Dental Dra. Tal\u00eda Gil Pen\u00f3n\"},\"image\":{\"@id\":\"https:\/\/dentistaenzaragoza.net\/#\/schema\/logo\/image\/\"},\"sameAs\":[\"https:\/\/www.facebook.com\/clinicadentaltaliagil\/\",\"https:\/\/x.com\/DentistaZgz\",\"https:\/\/www.youtube.com\/channel\/UCh3J0x1QwJ28gUqu4XKxZIw\"]}]}<\/script>\n<!-- \/ Yoast SEO plugin. -->","yoast_head_json":{"title":"Get in touch with us, we look forward to hearing from you!","description":"We offer a wide variety of contact methods: phone, email, contact form... We look forward to hearing from you!","robots":{"index":"index","follow":"follow","max-snippet":"max-snippet:-1","max-image-preview":"max-image-preview:large","max-video-preview":"max-video-preview:-1"},"canonical":"https:\/\/dentistaenzaragoza.net\/en\/contact\/","og_locale":"en_US","og_type":"article","og_title":"Get in touch with us, we look forward to hearing from you!","og_description":"We offer a wide variety of contact methods: phone, email, contact form... We look forward to hearing from you!","og_url":"https:\/\/dentistaenzaragoza.net\/en\/contact\/","og_site_name":"Cl&iacute;nica Dental Dra. Tal&iacute;a Gil Pen&oacute;n","article_publisher":"https:\/\/www.facebook.com\/clinicadentaltaliagil\/","twitter_card":"summary_large_image","twitter_site":"@DentistaZgz","twitter_misc":{"Est. reading time":"1 minute"},"schema":{"@context":"https:\/\/schema.org","@graph":[{"@type":"WebPage","@id":"https:\/\/dentistaenzaragoza.net\/en\/contact\/","url":"https:\/\/dentistaenzaragoza.net\/en\/contact\/","name":"Get in touch with us, we look forward to hearing from you!","isPartOf":{"@id":"https:\/\/dentistaenzaragoza.net\/#website"},"datePublished":"2025-09-09T07:18:39+00:00","description":"We offer a wide variety of contact methods: phone, email, contact form... We look forward to hearing from you!","breadcrumb":{"@id":"https:\/\/dentistaenzaragoza.net\/en\/contact\/#breadcrumb"},"inLanguage":"en-US","potentialAction":[{"@type":"ReadAction","target":["https:\/\/dentistaenzaragoza.net\/en\/contact\/"]}]},{"@type":"BreadcrumbList","@id":"https:\/\/dentistaenzaragoza.net\/en\/contact\/#breadcrumb","itemListElement":[{"@type":"ListItem","position":1,"name":"Portada","item":"https:\/\/dentistaenzaragoza.net\/"},{"@type":"ListItem","position":2,"name":"Contact"}]},{"@type":"WebSite","@id":"https:\/\/dentistaenzaragoza.net\/#website","url":"https:\/\/dentistaenzaragoza.net\/","name":"Cl&iacute;nica Dental Dra. Tal&iacute;a Gil Pen&oacute;n","description":"Dentistas en Zaragoza, su clinica dental","publisher":{"@id":"https:\/\/dentistaenzaragoza.net\/#organization"},"potentialAction":[{"@type":"SearchAction","target":{"@type":"EntryPoint","urlTemplate":"https:\/\/dentistaenzaragoza.net\/?s={search_term_string}"},"query-input":{"@type":"PropertyValueSpecification","valueRequired":true,"valueName":"search_term_string"}}],"inLanguage":"en-US"},{"@type":"Organization","@id":"https:\/\/dentistaenzaragoza.net\/#organization","name":"Cl\u00ednica Dental Dra. Tal\u00eda Gil Pen\u00f3n","url":"https:\/\/dentistaenzaragoza.net\/","logo":{"@type":"ImageObject","inLanguage":"en-US","@id":"https:\/\/dentistaenzaragoza.net\/#\/schema\/logo\/image\/","url":"https:\/\/dentistaenzaragoza.net\/wp-content\/uploads\/2019\/02\/dentista-zaragoza-barato-logo2.jpg","contentUrl":"https:\/\/dentistaenzaragoza.net\/wp-content\/uploads\/2019\/02\/dentista-zaragoza-barato-logo2.jpg","width":340,"height":156,"caption":"Cl\u00ednica Dental Dra. Tal\u00eda Gil Pen\u00f3n"},"image":{"@id":"https:\/\/dentistaenzaragoza.net\/#\/schema\/logo\/image\/"},"sameAs":["https:\/\/www.facebook.com\/clinicadentaltaliagil\/","https:\/\/x.com\/DentistaZgz","https:\/\/www.youtube.com\/channel\/UCh3J0x1QwJ28gUqu4XKxZIw"]}]}},"_links":{"self":[{"href":"https:\/\/dentistaenzaragoza.net\/en\/wp-json\/wp\/v2\/pages\/3905","targetHints":{"allow":["GET"]}}],"collection":[{"href":"https:\/\/dentistaenzaragoza.net\/en\/wp-json\/wp\/v2\/pages"}],"about":[{"href":"https:\/\/dentistaenzaragoza.net\/en\/wp-json\/wp\/v2\/types\/page"}],"author":[{"embeddable":true,"href":"https:\/\/dentistaenzaragoza.net\/en\/wp-json\/wp\/v2\/users\/1"}],"replies":[{"embeddable":true,"href":"https:\/\/dentistaenzaragoza.net\/en\/wp-json\/wp\/v2\/comments?post=3905"}],"version-history":[{"count":3,"href":"https:\/\/dentistaenzaragoza.net\/en\/wp-json\/wp\/v2\/pages\/3905\/revisions"}],"predecessor-version":[{"id":3941,"href":"https:\/\/dentistaenzaragoza.net\/en\/wp-json\/wp\/v2\/pages\/3905\/revisions\/3941"}],"wp:attachment":[{"href":"https:\/\/dentistaenzaragoza.net\/en\/wp-json\/wp\/v2\/media?parent=3905"}],"curies":[{"name":"wp","href":"https:\/\/api.w.org\/{rel}","templated":true}]}}