{"id":4077,"date":"2018-02-11T13:59:56","date_gmt":"2018-02-11T13:59:56","guid":{"rendered":"https:\/\/dentistaenzaragoza.net\/?page_id=4077"},"modified":"2026-03-04T15:42:45","modified_gmt":"2026-03-04T15:42:45","slug":"porcelain-dental-veneers-in-zaragoza","status":"publish","type":"page","link":"https:\/\/dentistaenzaragoza.net\/en\/dental-veneers\/porcelain-dental-veneers-in-zaragoza\/","title":{"rendered":"Porcelain dental veneers in Zaragoza"},"content":{"rendered":"<section  class='av_textblock_section av-mmc6p9q9-afbcc4882b96b40cb90b1653a63e957c '  ><div class='avia_textblock' ><h1 style=\"text-align: center;\">Porcelain dental veneers in Zaragoza<\/h1>\n<\/div><\/section>\n\n<style type=\"text\/css\" data-created_by=\"avia_inline_auto\" id=\"style-css-av-25h83h-03c2a2478a45d4d1e603bef155038adb\">\n#top .hr.av-25h83h-03c2a2478a45d4d1e603bef155038adb{\nmargin-top:20px;\nmargin-bottom:20px;\n}\n.hr.av-25h83h-03c2a2478a45d4d1e603bef155038adb .hr-inner{\nwidth:50px;\nborder-color:#eeee22;\n}\n<\/style>\n<div  class='hr av-25h83h-03c2a2478a45d4d1e603bef155038adb hr-custom  avia-builder-el-1  el_after_av_textblock  el_before_av_textblock  hr-center hr-icon-no'><span class='hr-inner inner-border-av-border-thin'><span class=\"hr-inner-style\"><\/span><\/span><\/div>\n<section  class='av_textblock_section av-mmc6r4pb-ebd89c9fc569dc48aea4c8263891880e '  ><div class='avia_textblock' ><p><strong>Porcelain dental veneers are thin pieces made of porcelain that mimic the look of your original teeth.<\/strong> In addition, in terms of hardness and resistance, they are comparable to the natural enamel of your teeth.<\/p>\n<p>It is usually the material of choice for teeth that need to be moved slightly or simply to change their color or size.<\/p>\n<p><strong>Proper communication with your dentist is recommended<\/strong> to achieve the desired result. It takes time to set the aesthetic goals you want to achieve.<\/p>\n<p>Patients often talk about the smiles of celebrities, assuming that porcelain veneers are the best way to achieve a perfect smile. The truth is that every mouth is different, and a detailed study is necessary before undergoing this type of procedure.<\/p>\n<\/div><\/section>\n<div id='avia-messagebox-' class='avia_message_box av_notification av-mmc6sh9h-b5bed6b6de0c4374ad751d5bb381f27b avia-color-blue avia-size-normal avia-icon_select-no avia-border-  avia-builder-el-3  el_after_av_textblock  el_before_av_textblock ' ><div class=\"avia_message_box_content\"><p>This section deals exclusively with porcelain veneers. You can visit the main page Dental veneers for general information about this type of solution.<\/p>\n<\/div><\/div>\n<section  class='av_textblock_section av-mmc773xs-81c5e3adb69a0d5c163988dc61724a1f '  ><div class='avia_textblock' ><h2>Procedure for porcelain dental veneers<\/h2>\n<p>Your dentist will begin with an analysis of your smile to determine the steps necessary to achieve the desired smile. At your dental clinic, they may even use temporary veneers to see the final result before placing the permanent porcelain veneer.<\/p>\n<p>Another option is to use computer software to create a cosmetic image with a preview of the result.<\/p>\n<p>Deciding which type of porcelain veneer is most suitable is only the first step in the process.<\/p>\n<h2>What does the treatment involve?<\/h2>\n<p>Porcelain veneers are essentially a set of <strong>thin layers of porcelain<\/strong> that replace the natural enamel of your teeth.<\/p>\n<p>A layer of adhesive is required to attach them.<\/p>\n<p>To place a porcelain veneer, the original tooth must be polished. Normally, one millimeter is sufficient.<\/p>\n<p>Polishing creates enough space to place the porcelain veneer, restoring the tooth&#8217;s natural function and improving its appearance compared to the original tooth.<\/p>\n<p>The adhesion between the original tooth and the porcelain veneer is extremely important. Not only to achieve aesthetic perfection, but also to ensure that the new restoration functions correctly.<\/p>\n<p>Dental resin is applied in layers to secure them in place, ensuring proper adhesion with the application of halogen light.<\/p>\n<p>Porcelain veneers are an option to consider in situations where the original tooth has lost color or shine. They are also recommended for broken teeth or to fix interdental spacing. In certain cases of minor dental occlusion problems, their use may be considered.<\/p>\n<p>There are certain patients who, due to the characteristics of their tooth enamel, do not respond correctly to <a href=\"https:\/\/dentistaenzaragoza.net\/en\/teeth-whitening\/\">teeth whitening<\/a> treatments. That is why they resort to veneers to get rid of tooth stains.<\/p>\n<h2>Advantages of porcelain veneers<\/h2>\n<ul>\n<li>Since porcelain veneers are <strong>individually sculpted for each patient<\/strong>, it is virtually impossible to tell the difference between them and your original teeth.<\/li>\n<li>Unlike tooth enamel, dental veneers are <strong>resistant to stains from coffee and tea<\/strong>, as well as the marks left on your teeth by tobacco.<\/li>\n<li>Unlike crowns, with porcelain veneers <strong>your tooth remains virtually unchanged after polishing.<\/strong><\/li>\n<li>They provide a solution to the problem of teeth that are resistant to teeth whitening.<\/li>\n<li>Your dentist may opt for this treatment to solve minor cosmetic problems (gaps between teeth, small chips, etc.).<\/li>\n<\/ul>\n<h2>Disadvantages of porcelain veneers<\/h2>\n<ul>\n<li>The fact that the tooth <strong>must be polished prior to placement.<\/strong> Porcelain dental veneers cannot be considered a reversible treatment. Once the tooth has been reduced, it will not return to its original state.<br \/>\nThe creation of porcelain veneers<strong> requires laboratory work<\/strong>, which is why a waiting period of one week is necessary.<\/li>\n<\/ul>\n<\/div><\/section>\n","protected":false},"excerpt":{"rendered":"","protected":false},"author":1,"featured_media":4078,"parent":4052,"menu_order":0,"comment_status":"closed","ping_status":"closed","template":"","meta":{"footnotes":""},"class_list":["post-4077","page","type-page","status-publish","has-post-thumbnail","hentry"],"yoast_head":"<!-- This site is optimized with the Yoast SEO plugin v26.0 - https:\/\/yoast.com\/wordpress\/plugins\/seo\/ -->\n<title>Porcelain dental veneers in Zaragoza - Cl&iacute;nica Dental Dra. Tal&iacute;a Gil Pen&oacute;n<\/title>\n<meta name=\"description\" content=\"Get porcelain dental veneers in Zaragoza to improve stained, chipped or uneven teeth and achieve a natural smile.\" \/>\n<meta name=\"robots\" content=\"index, follow, max-snippet:-1, max-image-preview:large, max-video-preview:-1\" \/>\n<link rel=\"canonical\" href=\"https:\/\/dentistaenzaragoza.net\/en\/dental-veneers\/porcelain-dental-veneers-in-zaragoza\/\" \/>\n<meta property=\"og:locale\" content=\"en_US\" \/>\n<meta property=\"og:type\" content=\"article\" \/>\n<meta property=\"og:title\" content=\"Porcelain dental veneers in Zaragoza - Cl&iacute;nica Dental Dra. Tal&iacute;a Gil Pen&oacute;n\" \/>\n<meta property=\"og:description\" content=\"Get porcelain dental veneers in Zaragoza to improve stained, chipped or uneven teeth and achieve a natural smile.\" \/>\n<meta property=\"og:url\" content=\"https:\/\/dentistaenzaragoza.net\/en\/dental-veneers\/porcelain-dental-veneers-in-zaragoza\/\" \/>\n<meta property=\"og:site_name\" content=\"Cl&iacute;nica Dental Dra. Tal&iacute;a Gil Pen&oacute;n\" \/>\n<meta property=\"article:publisher\" content=\"https:\/\/www.facebook.com\/clinicadentaltaliagil\/\" \/>\n<meta property=\"article:modified_time\" content=\"2026-03-04T15:42:45+00:00\" \/>\n<meta property=\"og:image\" content=\"https:\/\/dentistaenzaragoza.net\/wp-content\/uploads\/2026\/03\/Porcelain-dental-veneers-in-Zaragoza.jpg\" \/>\n\t<meta property=\"og:image:width\" content=\"571\" \/>\n\t<meta property=\"og:image:height\" content=\"200\" \/>\n\t<meta property=\"og:image:type\" content=\"image\/jpeg\" \/>\n<meta name=\"twitter:card\" content=\"summary_large_image\" \/>\n<meta name=\"twitter:site\" content=\"@DentistaZgz\" \/>\n<meta name=\"twitter:label1\" content=\"Est. reading time\" \/>\n\t<meta name=\"twitter:data1\" content=\"3 minutes\" \/>\n<script type=\"application\/ld+json\" class=\"yoast-schema-graph\">{\"@context\":\"https:\/\/schema.org\",\"@graph\":[{\"@type\":\"WebPage\",\"@id\":\"https:\/\/dentistaenzaragoza.net\/en\/dental-veneers\/porcelain-dental-veneers-in-zaragoza\/\",\"url\":\"https:\/\/dentistaenzaragoza.net\/en\/dental-veneers\/porcelain-dental-veneers-in-zaragoza\/\",\"name\":\"Porcelain dental veneers in Zaragoza - Cl&iacute;nica Dental Dra. Tal&iacute;a Gil Pen&oacute;n\",\"isPartOf\":{\"@id\":\"https:\/\/dentistaenzaragoza.net\/#website\"},\"primaryImageOfPage\":{\"@id\":\"https:\/\/dentistaenzaragoza.net\/en\/dental-veneers\/porcelain-dental-veneers-in-zaragoza\/#primaryimage\"},\"image\":{\"@id\":\"https:\/\/dentistaenzaragoza.net\/en\/dental-veneers\/porcelain-dental-veneers-in-zaragoza\/#primaryimage\"},\"thumbnailUrl\":\"https:\/\/dentistaenzaragoza.net\/wp-content\/uploads\/2026\/03\/Porcelain-dental-veneers-in-Zaragoza.jpg\",\"datePublished\":\"2018-02-11T13:59:56+00:00\",\"dateModified\":\"2026-03-04T15:42:45+00:00\",\"description\":\"Get porcelain dental veneers in Zaragoza to improve stained, chipped or uneven teeth and achieve a natural smile.\",\"breadcrumb\":{\"@id\":\"https:\/\/dentistaenzaragoza.net\/en\/dental-veneers\/porcelain-dental-veneers-in-zaragoza\/#breadcrumb\"},\"inLanguage\":\"en-US\",\"potentialAction\":[{\"@type\":\"ReadAction\",\"target\":[\"https:\/\/dentistaenzaragoza.net\/en\/dental-veneers\/porcelain-dental-veneers-in-zaragoza\/\"]}]},{\"@type\":\"ImageObject\",\"inLanguage\":\"en-US\",\"@id\":\"https:\/\/dentistaenzaragoza.net\/en\/dental-veneers\/porcelain-dental-veneers-in-zaragoza\/#primaryimage\",\"url\":\"https:\/\/dentistaenzaragoza.net\/wp-content\/uploads\/2026\/03\/Porcelain-dental-veneers-in-Zaragoza.jpg\",\"contentUrl\":\"https:\/\/dentistaenzaragoza.net\/wp-content\/uploads\/2026\/03\/Porcelain-dental-veneers-in-Zaragoza.jpg\",\"width\":571,\"height\":200,\"caption\":\"Porcelain dental veneers in Zaragoza\"},{\"@type\":\"BreadcrumbList\",\"@id\":\"https:\/\/dentistaenzaragoza.net\/en\/dental-veneers\/porcelain-dental-veneers-in-zaragoza\/#breadcrumb\",\"itemListElement\":[{\"@type\":\"ListItem\",\"position\":1,\"name\":\"Portada\",\"item\":\"https:\/\/dentistaenzaragoza.net\/\"},{\"@type\":\"ListItem\",\"position\":2,\"name\":\"Dental veneers\",\"item\":\"https:\/\/dentistaenzaragoza.net\/en\/dental-veneers\/\"},{\"@type\":\"ListItem\",\"position\":3,\"name\":\"Porcelain dental veneers in Zaragoza\"}]},{\"@type\":\"WebSite\",\"@id\":\"https:\/\/dentistaenzaragoza.net\/#website\",\"url\":\"https:\/\/dentistaenzaragoza.net\/\",\"name\":\"Cl&iacute;nica Dental Dra. Tal&iacute;a Gil Pen&oacute;n\",\"description\":\"Dentistas en Zaragoza, su clinica dental\",\"publisher\":{\"@id\":\"https:\/\/dentistaenzaragoza.net\/#organization\"},\"potentialAction\":[{\"@type\":\"SearchAction\",\"target\":{\"@type\":\"EntryPoint\",\"urlTemplate\":\"https:\/\/dentistaenzaragoza.net\/?s={search_term_string}\"},\"query-input\":{\"@type\":\"PropertyValueSpecification\",\"valueRequired\":true,\"valueName\":\"search_term_string\"}}],\"inLanguage\":\"en-US\"},{\"@type\":\"Organization\",\"@id\":\"https:\/\/dentistaenzaragoza.net\/#organization\",\"name\":\"Cl\u00ednica Dental Dra. Tal\u00eda Gil Pen\u00f3n\",\"url\":\"https:\/\/dentistaenzaragoza.net\/\",\"logo\":{\"@type\":\"ImageObject\",\"inLanguage\":\"en-US\",\"@id\":\"https:\/\/dentistaenzaragoza.net\/#\/schema\/logo\/image\/\",\"url\":\"https:\/\/dentistaenzaragoza.net\/wp-content\/uploads\/2019\/02\/dentista-zaragoza-barato-logo2.jpg\",\"contentUrl\":\"https:\/\/dentistaenzaragoza.net\/wp-content\/uploads\/2019\/02\/dentista-zaragoza-barato-logo2.jpg\",\"width\":340,\"height\":156,\"caption\":\"Cl\u00ednica Dental Dra. Tal\u00eda Gil Pen\u00f3n\"},\"image\":{\"@id\":\"https:\/\/dentistaenzaragoza.net\/#\/schema\/logo\/image\/\"},\"sameAs\":[\"https:\/\/www.facebook.com\/clinicadentaltaliagil\/\",\"https:\/\/x.com\/DentistaZgz\",\"https:\/\/www.youtube.com\/channel\/UCh3J0x1QwJ28gUqu4XKxZIw\"]}]}<\/script>\n<!-- \/ Yoast SEO plugin. -->","yoast_head_json":{"title":"Porcelain dental veneers in Zaragoza - Cl&iacute;nica Dental Dra. Tal&iacute;a Gil Pen&oacute;n","description":"Get porcelain dental veneers in Zaragoza to improve stained, chipped or uneven teeth and achieve a natural smile.","robots":{"index":"index","follow":"follow","max-snippet":"max-snippet:-1","max-image-preview":"max-image-preview:large","max-video-preview":"max-video-preview:-1"},"canonical":"https:\/\/dentistaenzaragoza.net\/en\/dental-veneers\/porcelain-dental-veneers-in-zaragoza\/","og_locale":"en_US","og_type":"article","og_title":"Porcelain dental veneers in Zaragoza - Cl&iacute;nica Dental Dra. Tal&iacute;a Gil Pen&oacute;n","og_description":"Get porcelain dental veneers in Zaragoza to improve stained, chipped or uneven teeth and achieve a natural smile.","og_url":"https:\/\/dentistaenzaragoza.net\/en\/dental-veneers\/porcelain-dental-veneers-in-zaragoza\/","og_site_name":"Cl&iacute;nica Dental Dra. Tal&iacute;a Gil Pen&oacute;n","article_publisher":"https:\/\/www.facebook.com\/clinicadentaltaliagil\/","article_modified_time":"2026-03-04T15:42:45+00:00","og_image":[{"width":571,"height":200,"url":"https:\/\/dentistaenzaragoza.net\/wp-content\/uploads\/2026\/03\/Porcelain-dental-veneers-in-Zaragoza.jpg","type":"image\/jpeg"}],"twitter_card":"summary_large_image","twitter_site":"@DentistaZgz","twitter_misc":{"Est. reading time":"3 minutes"},"schema":{"@context":"https:\/\/schema.org","@graph":[{"@type":"WebPage","@id":"https:\/\/dentistaenzaragoza.net\/en\/dental-veneers\/porcelain-dental-veneers-in-zaragoza\/","url":"https:\/\/dentistaenzaragoza.net\/en\/dental-veneers\/porcelain-dental-veneers-in-zaragoza\/","name":"Porcelain dental veneers in Zaragoza - Cl&iacute;nica Dental Dra. Tal&iacute;a Gil Pen&oacute;n","isPartOf":{"@id":"https:\/\/dentistaenzaragoza.net\/#website"},"primaryImageOfPage":{"@id":"https:\/\/dentistaenzaragoza.net\/en\/dental-veneers\/porcelain-dental-veneers-in-zaragoza\/#primaryimage"},"image":{"@id":"https:\/\/dentistaenzaragoza.net\/en\/dental-veneers\/porcelain-dental-veneers-in-zaragoza\/#primaryimage"},"thumbnailUrl":"https:\/\/dentistaenzaragoza.net\/wp-content\/uploads\/2026\/03\/Porcelain-dental-veneers-in-Zaragoza.jpg","datePublished":"2018-02-11T13:59:56+00:00","dateModified":"2026-03-04T15:42:45+00:00","description":"Get porcelain dental veneers in Zaragoza to improve stained, chipped or uneven teeth and achieve a natural smile.","breadcrumb":{"@id":"https:\/\/dentistaenzaragoza.net\/en\/dental-veneers\/porcelain-dental-veneers-in-zaragoza\/#breadcrumb"},"inLanguage":"en-US","potentialAction":[{"@type":"ReadAction","target":["https:\/\/dentistaenzaragoza.net\/en\/dental-veneers\/porcelain-dental-veneers-in-zaragoza\/"]}]},{"@type":"ImageObject","inLanguage":"en-US","@id":"https:\/\/dentistaenzaragoza.net\/en\/dental-veneers\/porcelain-dental-veneers-in-zaragoza\/#primaryimage","url":"https:\/\/dentistaenzaragoza.net\/wp-content\/uploads\/2026\/03\/Porcelain-dental-veneers-in-Zaragoza.jpg","contentUrl":"https:\/\/dentistaenzaragoza.net\/wp-content\/uploads\/2026\/03\/Porcelain-dental-veneers-in-Zaragoza.jpg","width":571,"height":200,"caption":"Porcelain dental veneers in Zaragoza"},{"@type":"BreadcrumbList","@id":"https:\/\/dentistaenzaragoza.net\/en\/dental-veneers\/porcelain-dental-veneers-in-zaragoza\/#breadcrumb","itemListElement":[{"@type":"ListItem","position":1,"name":"Portada","item":"https:\/\/dentistaenzaragoza.net\/"},{"@type":"ListItem","position":2,"name":"Dental veneers","item":"https:\/\/dentistaenzaragoza.net\/en\/dental-veneers\/"},{"@type":"ListItem","position":3,"name":"Porcelain dental veneers in Zaragoza"}]},{"@type":"WebSite","@id":"https:\/\/dentistaenzaragoza.net\/#website","url":"https:\/\/dentistaenzaragoza.net\/","name":"Cl&iacute;nica Dental Dra. Tal&iacute;a Gil Pen&oacute;n","description":"Dentistas en Zaragoza, su clinica dental","publisher":{"@id":"https:\/\/dentistaenzaragoza.net\/#organization"},"potentialAction":[{"@type":"SearchAction","target":{"@type":"EntryPoint","urlTemplate":"https:\/\/dentistaenzaragoza.net\/?s={search_term_string}"},"query-input":{"@type":"PropertyValueSpecification","valueRequired":true,"valueName":"search_term_string"}}],"inLanguage":"en-US"},{"@type":"Organization","@id":"https:\/\/dentistaenzaragoza.net\/#organization","name":"Cl\u00ednica Dental Dra. Tal\u00eda Gil Pen\u00f3n","url":"https:\/\/dentistaenzaragoza.net\/","logo":{"@type":"ImageObject","inLanguage":"en-US","@id":"https:\/\/dentistaenzaragoza.net\/#\/schema\/logo\/image\/","url":"https:\/\/dentistaenzaragoza.net\/wp-content\/uploads\/2019\/02\/dentista-zaragoza-barato-logo2.jpg","contentUrl":"https:\/\/dentistaenzaragoza.net\/wp-content\/uploads\/2019\/02\/dentista-zaragoza-barato-logo2.jpg","width":340,"height":156,"caption":"Cl\u00ednica Dental Dra. Tal\u00eda Gil Pen\u00f3n"},"image":{"@id":"https:\/\/dentistaenzaragoza.net\/#\/schema\/logo\/image\/"},"sameAs":["https:\/\/www.facebook.com\/clinicadentaltaliagil\/","https:\/\/x.com\/DentistaZgz","https:\/\/www.youtube.com\/channel\/UCh3J0x1QwJ28gUqu4XKxZIw"]}]}},"_links":{"self":[{"href":"https:\/\/dentistaenzaragoza.net\/en\/wp-json\/wp\/v2\/pages\/4077","targetHints":{"allow":["GET"]}}],"collection":[{"href":"https:\/\/dentistaenzaragoza.net\/en\/wp-json\/wp\/v2\/pages"}],"about":[{"href":"https:\/\/dentistaenzaragoza.net\/en\/wp-json\/wp\/v2\/types\/page"}],"author":[{"embeddable":true,"href":"https:\/\/dentistaenzaragoza.net\/en\/wp-json\/wp\/v2\/users\/1"}],"replies":[{"embeddable":true,"href":"https:\/\/dentistaenzaragoza.net\/en\/wp-json\/wp\/v2\/comments?post=4077"}],"version-history":[{"count":3,"href":"https:\/\/dentistaenzaragoza.net\/en\/wp-json\/wp\/v2\/pages\/4077\/revisions"}],"predecessor-version":[{"id":4088,"href":"https:\/\/dentistaenzaragoza.net\/en\/wp-json\/wp\/v2\/pages\/4077\/revisions\/4088"}],"up":[{"embeddable":true,"href":"https:\/\/dentistaenzaragoza.net\/en\/wp-json\/wp\/v2\/pages\/4052"}],"wp:featuredmedia":[{"embeddable":true,"href":"https:\/\/dentistaenzaragoza.net\/en\/wp-json\/wp\/v2\/media\/4078"}],"wp:attachment":[{"href":"https:\/\/dentistaenzaragoza.net\/en\/wp-json\/wp\/v2\/media?parent=4077"}],"curies":[{"name":"wp","href":"https:\/\/api.w.org\/{rel}","templated":true}]}}