{"id":4094,"date":"2018-02-13T16:00:31","date_gmt":"2018-02-13T16:00:31","guid":{"rendered":"https:\/\/dentistaenzaragoza.net\/?page_id=4094"},"modified":"2026-03-04T15:57:22","modified_gmt":"2026-03-04T15:57:22","slug":"composite-dental-veneers-in-zaragoza","status":"publish","type":"page","link":"https:\/\/dentistaenzaragoza.net\/en\/dental-veneers\/composite-dental-veneers-in-zaragoza\/","title":{"rendered":"Composite dental veneers in Zaragoza"},"content":{"rendered":"<section  class='av_textblock_section av-mmc7nd5x-1a9407c9a0b3a677a3894589cac951ac '  ><div class='avia_textblock' ><h1 style=\"text-align: center;\">Composite dental veneers in Zaragoza<\/h1>\n<\/div><\/section>\n\n<style type=\"text\/css\" data-created_by=\"avia_inline_auto\" id=\"style-css-av-av_hr-79f1940ea15fd9bbc36bf6d9ee723c98\">\n#top .hr.av-av_hr-79f1940ea15fd9bbc36bf6d9ee723c98{\nmargin-top:30px;\nmargin-bottom:30px;\n}\n.hr.av-av_hr-79f1940ea15fd9bbc36bf6d9ee723c98 .hr-inner{\nwidth:50px;\nborder-color:#eeee22;\n}\n<\/style>\n<div  class='hr av-av_hr-79f1940ea15fd9bbc36bf6d9ee723c98 hr-custom  avia-builder-el-1  el_after_av_textblock  el_before_av_textblock  hr-center hr-icon-no'><span class='hr-inner inner-border-av-border-thin'><span class=\"hr-inner-style\"><\/span><\/span><\/div>\n<section  class='av_textblock_section av-mmc7o197-334e94ce456d8829c4899db3053a9245 '  ><div class='avia_textblock' ><h2>What are composite veneers?<\/h2>\n<p><strong>Composite dental veneers<\/strong> are also known as resin dental veneers or simply composite veneers.<\/p>\n<p>They are a less invasive method of restoring your smile than porcelain veneers, as they do not require any prior grinding.<\/p>\n<p>Composite is a type of translucent resin used to create detailed veneers that your dentist can fit in a single appointment.<\/p>\n<p>Composite veneers are more versatile, and the treatment is cheaper in terms of a one-time payment. They last for about five to seven years.<\/p>\n<\/div><\/section>\n<div id='avia-messagebox-' class='avia_message_box av_notification av-mmc7olqh-e750ba0cd0ce6c297f811210b093d154 avia-color-blue avia-size-normal avia-icon_select-no avia-border-  avia-builder-el-3  el_after_av_textblock  el_before_av_textblock ' ><div class=\"avia_message_box_content\"><p>This article deals exclusively with composite veneers. You can visit the main dental veneers page for general information about this type of solution.<\/p>\n<\/div><\/div>\n<section  class='av_textblock_section av-mmc7wz0z-7742b7efa22399efbeac3364f66f8412 '  ><div class='avia_textblock' ><p>Our patients love composite veneers because they are quick to place, very affordable, and produce a very natural cosmetic effect. They can also be placed on as many teeth as necessary.<\/p>\n<h2>What is composite?<\/h2>\n<p>Composite-based dental resins are a type of <a href=\"https:\/\/en.wikipedia.org\/wiki\/Dental_composite\">synthetic resin<\/a> used in dentistry as both an adhesive and restorative material. The properties and characteristics of these resins make them ideal for use as dental veneers.<\/p>\n<ul>\n<li>They have a similar appearance to natural teeth.<\/li>\n<li>They are insoluble.<\/li>\n<li>They are affordable for the vast majority of people.<\/li>\n<li>They are easy to work with.<\/li>\n<\/ul>\n<p>The most representative companies offering this type of resin are Renamel by Cosmodent and <a href=\"https:\/\/www.solventum.com\/en-us\/home\/oral-care\/dental-solutions\/direct-procedure\/composites\/\">Filtek by 3M<\/a>. Composite resins are safe, effective, and have been used in millions of cases to help patients restore their smiles around the world.<\/p>\n<p>A composite veneer is the result of using composite resins to create a dental surface. This new surface hides the original one, concealing a break, a yellow tooth, or any other unsightly condition.<\/p>\n<h2>What is the procedure?<\/h2>\n<p>The placement of composite dental veneers is a commonly used cosmetic dental procedure that can quickly improve the appearance of your teeth. <strong>This thin composite material is placed over the front surface of your teeth<\/strong> to enhance their appearance.<\/p>\n<h2>Maintenance of composite veneers<\/h2>\n<p>Maintaining composite veneers is relatively simple. However, we recommend following a few simple tips:<\/p>\n<ul>\n<li>Please brush and floss your teeth as you normally would to prevent oral hygiene problems. Once in place, composite veneers are the least damaging method of dental restoration for gums currently available in our prosthetic arsenal. Veneers will not be damaged by flossing or brushing. Any non-abrasive toothpaste is acceptable. A good home care regimen will ensure the success of your veneers for years to come. The ideal toothbrush for composite veneers is an Oral B electric toothbrush with a soft head.<\/li>\n<li>You may experience some sensitivity to hot and cold after your veneers are placed. <strong>Some sensitivity is absolutely normal<\/strong> and usually goes away after a week or two. If this sensitivity persists or concerns you, please call your dentist.<\/li>\n<li>Once in place, <strong>veneers will withstand most of the forces imposed<\/strong> on them by a normal diet. However, cracking pistachios with your teeth, chewing on bones, or sucking on hard candy is probably not a good idea. As in most cases, common sense should prevail.<\/li>\n<li>If you suffer from bruxism, please let your dentist know. He or she will make a night guard to minimize damage to your teeth while you sleep.<\/li>\n<li>Like anything in your mouth, <strong>they can be prone to wear and tear<\/strong>. Sometimes composite veneers can chip slightly, but in most cases, they are very easy to repair. It would be unusual to have them chip within the first five years, unless there is a significant malocclusion problem.<\/li>\n<li>If there have been substantial changes to the shape of your teeth, you may occasionally develop a lisp that lasts for approximately one week.<\/li>\n<li><strong>The average lifespan of composite veneers is 12 years,<\/strong> but this can be extended with good home care and regular maintenance at your dental clinic.<\/li>\n<\/ul>\n<\/div><\/section>\n","protected":false},"excerpt":{"rendered":"","protected":false},"author":1,"featured_media":4095,"parent":4052,"menu_order":0,"comment_status":"closed","ping_status":"closed","template":"","meta":{"footnotes":""},"class_list":["post-4094","page","type-page","status-publish","has-post-thumbnail","hentry"],"yoast_head":"<!-- This site is optimized with the Yoast SEO plugin v26.0 - https:\/\/yoast.com\/wordpress\/plugins\/seo\/ -->\n<title>Composite dental veneers in Zaragoza - Cl&iacute;nica Dental Dra. Tal&iacute;a Gil Pen&oacute;n<\/title>\n<meta name=\"description\" content=\"Affordable composite dental veneers in Zaragoza. Fix chipped, stained or misaligned teeth and enhance your smile.\" \/>\n<meta name=\"robots\" content=\"index, follow, max-snippet:-1, max-image-preview:large, max-video-preview:-1\" \/>\n<link rel=\"canonical\" href=\"https:\/\/dentistaenzaragoza.net\/en\/dental-veneers\/composite-dental-veneers-in-zaragoza\/\" \/>\n<meta property=\"og:locale\" content=\"en_US\" \/>\n<meta property=\"og:type\" content=\"article\" \/>\n<meta property=\"og:title\" content=\"Composite dental veneers in Zaragoza - Cl&iacute;nica Dental Dra. Tal&iacute;a Gil Pen&oacute;n\" \/>\n<meta property=\"og:description\" content=\"Affordable composite dental veneers in Zaragoza. Fix chipped, stained or misaligned teeth and enhance your smile.\" \/>\n<meta property=\"og:url\" content=\"https:\/\/dentistaenzaragoza.net\/en\/dental-veneers\/composite-dental-veneers-in-zaragoza\/\" \/>\n<meta property=\"og:site_name\" content=\"Cl&iacute;nica Dental Dra. Tal&iacute;a Gil Pen&oacute;n\" \/>\n<meta property=\"article:publisher\" content=\"https:\/\/www.facebook.com\/clinicadentaltaliagil\/\" \/>\n<meta property=\"article:modified_time\" content=\"2026-03-04T15:57:22+00:00\" \/>\n<meta property=\"og:image\" content=\"https:\/\/dentistaenzaragoza.net\/wp-content\/uploads\/2026\/03\/Composite-dental-veneers-Zaragoza.jpg\" \/>\n\t<meta property=\"og:image:width\" content=\"1210\" \/>\n\t<meta property=\"og:image:height\" content=\"423\" \/>\n\t<meta property=\"og:image:type\" content=\"image\/jpeg\" \/>\n<meta name=\"twitter:card\" content=\"summary_large_image\" \/>\n<meta name=\"twitter:site\" content=\"@DentistaZgz\" \/>\n<meta name=\"twitter:label1\" content=\"Est. reading time\" \/>\n\t<meta name=\"twitter:data1\" content=\"3 minutes\" \/>\n<script type=\"application\/ld+json\" class=\"yoast-schema-graph\">{\"@context\":\"https:\/\/schema.org\",\"@graph\":[{\"@type\":\"WebPage\",\"@id\":\"https:\/\/dentistaenzaragoza.net\/en\/dental-veneers\/composite-dental-veneers-in-zaragoza\/\",\"url\":\"https:\/\/dentistaenzaragoza.net\/en\/dental-veneers\/composite-dental-veneers-in-zaragoza\/\",\"name\":\"Composite dental veneers in Zaragoza - Cl&iacute;nica Dental Dra. Tal&iacute;a Gil Pen&oacute;n\",\"isPartOf\":{\"@id\":\"https:\/\/dentistaenzaragoza.net\/#website\"},\"primaryImageOfPage\":{\"@id\":\"https:\/\/dentistaenzaragoza.net\/en\/dental-veneers\/composite-dental-veneers-in-zaragoza\/#primaryimage\"},\"image\":{\"@id\":\"https:\/\/dentistaenzaragoza.net\/en\/dental-veneers\/composite-dental-veneers-in-zaragoza\/#primaryimage\"},\"thumbnailUrl\":\"https:\/\/dentistaenzaragoza.net\/wp-content\/uploads\/2026\/03\/Composite-dental-veneers-Zaragoza.jpg\",\"datePublished\":\"2018-02-13T16:00:31+00:00\",\"dateModified\":\"2026-03-04T15:57:22+00:00\",\"description\":\"Affordable composite dental veneers in Zaragoza. Fix chipped, stained or misaligned teeth and enhance your smile.\",\"breadcrumb\":{\"@id\":\"https:\/\/dentistaenzaragoza.net\/en\/dental-veneers\/composite-dental-veneers-in-zaragoza\/#breadcrumb\"},\"inLanguage\":\"en-US\",\"potentialAction\":[{\"@type\":\"ReadAction\",\"target\":[\"https:\/\/dentistaenzaragoza.net\/en\/dental-veneers\/composite-dental-veneers-in-zaragoza\/\"]}]},{\"@type\":\"ImageObject\",\"inLanguage\":\"en-US\",\"@id\":\"https:\/\/dentistaenzaragoza.net\/en\/dental-veneers\/composite-dental-veneers-in-zaragoza\/#primaryimage\",\"url\":\"https:\/\/dentistaenzaragoza.net\/wp-content\/uploads\/2026\/03\/Composite-dental-veneers-Zaragoza.jpg\",\"contentUrl\":\"https:\/\/dentistaenzaragoza.net\/wp-content\/uploads\/2026\/03\/Composite-dental-veneers-Zaragoza.jpg\",\"width\":1210,\"height\":423,\"caption\":\"Composite dental veneers Zaragoza\"},{\"@type\":\"BreadcrumbList\",\"@id\":\"https:\/\/dentistaenzaragoza.net\/en\/dental-veneers\/composite-dental-veneers-in-zaragoza\/#breadcrumb\",\"itemListElement\":[{\"@type\":\"ListItem\",\"position\":1,\"name\":\"Portada\",\"item\":\"https:\/\/dentistaenzaragoza.net\/\"},{\"@type\":\"ListItem\",\"position\":2,\"name\":\"Dental veneers\",\"item\":\"https:\/\/dentistaenzaragoza.net\/en\/dental-veneers\/\"},{\"@type\":\"ListItem\",\"position\":3,\"name\":\"Composite dental veneers in Zaragoza\"}]},{\"@type\":\"WebSite\",\"@id\":\"https:\/\/dentistaenzaragoza.net\/#website\",\"url\":\"https:\/\/dentistaenzaragoza.net\/\",\"name\":\"Cl&iacute;nica Dental Dra. Tal&iacute;a Gil Pen&oacute;n\",\"description\":\"Dentistas en Zaragoza, su clinica dental\",\"publisher\":{\"@id\":\"https:\/\/dentistaenzaragoza.net\/#organization\"},\"potentialAction\":[{\"@type\":\"SearchAction\",\"target\":{\"@type\":\"EntryPoint\",\"urlTemplate\":\"https:\/\/dentistaenzaragoza.net\/?s={search_term_string}\"},\"query-input\":{\"@type\":\"PropertyValueSpecification\",\"valueRequired\":true,\"valueName\":\"search_term_string\"}}],\"inLanguage\":\"en-US\"},{\"@type\":\"Organization\",\"@id\":\"https:\/\/dentistaenzaragoza.net\/#organization\",\"name\":\"Cl\u00ednica Dental Dra. Tal\u00eda Gil Pen\u00f3n\",\"url\":\"https:\/\/dentistaenzaragoza.net\/\",\"logo\":{\"@type\":\"ImageObject\",\"inLanguage\":\"en-US\",\"@id\":\"https:\/\/dentistaenzaragoza.net\/#\/schema\/logo\/image\/\",\"url\":\"https:\/\/dentistaenzaragoza.net\/wp-content\/uploads\/2019\/02\/dentista-zaragoza-barato-logo2.jpg\",\"contentUrl\":\"https:\/\/dentistaenzaragoza.net\/wp-content\/uploads\/2019\/02\/dentista-zaragoza-barato-logo2.jpg\",\"width\":340,\"height\":156,\"caption\":\"Cl\u00ednica Dental Dra. Tal\u00eda Gil Pen\u00f3n\"},\"image\":{\"@id\":\"https:\/\/dentistaenzaragoza.net\/#\/schema\/logo\/image\/\"},\"sameAs\":[\"https:\/\/www.facebook.com\/clinicadentaltaliagil\/\",\"https:\/\/x.com\/DentistaZgz\",\"https:\/\/www.youtube.com\/channel\/UCh3J0x1QwJ28gUqu4XKxZIw\"]}]}<\/script>\n<!-- \/ Yoast SEO plugin. -->","yoast_head_json":{"title":"Composite dental veneers in Zaragoza - Cl&iacute;nica Dental Dra. Tal&iacute;a Gil Pen&oacute;n","description":"Affordable composite dental veneers in Zaragoza. Fix chipped, stained or misaligned teeth and enhance your smile.","robots":{"index":"index","follow":"follow","max-snippet":"max-snippet:-1","max-image-preview":"max-image-preview:large","max-video-preview":"max-video-preview:-1"},"canonical":"https:\/\/dentistaenzaragoza.net\/en\/dental-veneers\/composite-dental-veneers-in-zaragoza\/","og_locale":"en_US","og_type":"article","og_title":"Composite dental veneers in Zaragoza - Cl&iacute;nica Dental Dra. Tal&iacute;a Gil Pen&oacute;n","og_description":"Affordable composite dental veneers in Zaragoza. Fix chipped, stained or misaligned teeth and enhance your smile.","og_url":"https:\/\/dentistaenzaragoza.net\/en\/dental-veneers\/composite-dental-veneers-in-zaragoza\/","og_site_name":"Cl&iacute;nica Dental Dra. Tal&iacute;a Gil Pen&oacute;n","article_publisher":"https:\/\/www.facebook.com\/clinicadentaltaliagil\/","article_modified_time":"2026-03-04T15:57:22+00:00","og_image":[{"width":1210,"height":423,"url":"https:\/\/dentistaenzaragoza.net\/wp-content\/uploads\/2026\/03\/Composite-dental-veneers-Zaragoza.jpg","type":"image\/jpeg"}],"twitter_card":"summary_large_image","twitter_site":"@DentistaZgz","twitter_misc":{"Est. reading time":"3 minutes"},"schema":{"@context":"https:\/\/schema.org","@graph":[{"@type":"WebPage","@id":"https:\/\/dentistaenzaragoza.net\/en\/dental-veneers\/composite-dental-veneers-in-zaragoza\/","url":"https:\/\/dentistaenzaragoza.net\/en\/dental-veneers\/composite-dental-veneers-in-zaragoza\/","name":"Composite dental veneers in Zaragoza - Cl&iacute;nica Dental Dra. Tal&iacute;a Gil Pen&oacute;n","isPartOf":{"@id":"https:\/\/dentistaenzaragoza.net\/#website"},"primaryImageOfPage":{"@id":"https:\/\/dentistaenzaragoza.net\/en\/dental-veneers\/composite-dental-veneers-in-zaragoza\/#primaryimage"},"image":{"@id":"https:\/\/dentistaenzaragoza.net\/en\/dental-veneers\/composite-dental-veneers-in-zaragoza\/#primaryimage"},"thumbnailUrl":"https:\/\/dentistaenzaragoza.net\/wp-content\/uploads\/2026\/03\/Composite-dental-veneers-Zaragoza.jpg","datePublished":"2018-02-13T16:00:31+00:00","dateModified":"2026-03-04T15:57:22+00:00","description":"Affordable composite dental veneers in Zaragoza. Fix chipped, stained or misaligned teeth and enhance your smile.","breadcrumb":{"@id":"https:\/\/dentistaenzaragoza.net\/en\/dental-veneers\/composite-dental-veneers-in-zaragoza\/#breadcrumb"},"inLanguage":"en-US","potentialAction":[{"@type":"ReadAction","target":["https:\/\/dentistaenzaragoza.net\/en\/dental-veneers\/composite-dental-veneers-in-zaragoza\/"]}]},{"@type":"ImageObject","inLanguage":"en-US","@id":"https:\/\/dentistaenzaragoza.net\/en\/dental-veneers\/composite-dental-veneers-in-zaragoza\/#primaryimage","url":"https:\/\/dentistaenzaragoza.net\/wp-content\/uploads\/2026\/03\/Composite-dental-veneers-Zaragoza.jpg","contentUrl":"https:\/\/dentistaenzaragoza.net\/wp-content\/uploads\/2026\/03\/Composite-dental-veneers-Zaragoza.jpg","width":1210,"height":423,"caption":"Composite dental veneers Zaragoza"},{"@type":"BreadcrumbList","@id":"https:\/\/dentistaenzaragoza.net\/en\/dental-veneers\/composite-dental-veneers-in-zaragoza\/#breadcrumb","itemListElement":[{"@type":"ListItem","position":1,"name":"Portada","item":"https:\/\/dentistaenzaragoza.net\/"},{"@type":"ListItem","position":2,"name":"Dental veneers","item":"https:\/\/dentistaenzaragoza.net\/en\/dental-veneers\/"},{"@type":"ListItem","position":3,"name":"Composite dental veneers in Zaragoza"}]},{"@type":"WebSite","@id":"https:\/\/dentistaenzaragoza.net\/#website","url":"https:\/\/dentistaenzaragoza.net\/","name":"Cl&iacute;nica Dental Dra. Tal&iacute;a Gil Pen&oacute;n","description":"Dentistas en Zaragoza, su clinica dental","publisher":{"@id":"https:\/\/dentistaenzaragoza.net\/#organization"},"potentialAction":[{"@type":"SearchAction","target":{"@type":"EntryPoint","urlTemplate":"https:\/\/dentistaenzaragoza.net\/?s={search_term_string}"},"query-input":{"@type":"PropertyValueSpecification","valueRequired":true,"valueName":"search_term_string"}}],"inLanguage":"en-US"},{"@type":"Organization","@id":"https:\/\/dentistaenzaragoza.net\/#organization","name":"Cl\u00ednica Dental Dra. Tal\u00eda Gil Pen\u00f3n","url":"https:\/\/dentistaenzaragoza.net\/","logo":{"@type":"ImageObject","inLanguage":"en-US","@id":"https:\/\/dentistaenzaragoza.net\/#\/schema\/logo\/image\/","url":"https:\/\/dentistaenzaragoza.net\/wp-content\/uploads\/2019\/02\/dentista-zaragoza-barato-logo2.jpg","contentUrl":"https:\/\/dentistaenzaragoza.net\/wp-content\/uploads\/2019\/02\/dentista-zaragoza-barato-logo2.jpg","width":340,"height":156,"caption":"Cl\u00ednica Dental Dra. Tal\u00eda Gil Pen\u00f3n"},"image":{"@id":"https:\/\/dentistaenzaragoza.net\/#\/schema\/logo\/image\/"},"sameAs":["https:\/\/www.facebook.com\/clinicadentaltaliagil\/","https:\/\/x.com\/DentistaZgz","https:\/\/www.youtube.com\/channel\/UCh3J0x1QwJ28gUqu4XKxZIw"]}]}},"_links":{"self":[{"href":"https:\/\/dentistaenzaragoza.net\/en\/wp-json\/wp\/v2\/pages\/4094","targetHints":{"allow":["GET"]}}],"collection":[{"href":"https:\/\/dentistaenzaragoza.net\/en\/wp-json\/wp\/v2\/pages"}],"about":[{"href":"https:\/\/dentistaenzaragoza.net\/en\/wp-json\/wp\/v2\/types\/page"}],"author":[{"embeddable":true,"href":"https:\/\/dentistaenzaragoza.net\/en\/wp-json\/wp\/v2\/users\/1"}],"replies":[{"embeddable":true,"href":"https:\/\/dentistaenzaragoza.net\/en\/wp-json\/wp\/v2\/comments?post=4094"}],"version-history":[{"count":2,"href":"https:\/\/dentistaenzaragoza.net\/en\/wp-json\/wp\/v2\/pages\/4094\/revisions"}],"predecessor-version":[{"id":4102,"href":"https:\/\/dentistaenzaragoza.net\/en\/wp-json\/wp\/v2\/pages\/4094\/revisions\/4102"}],"up":[{"embeddable":true,"href":"https:\/\/dentistaenzaragoza.net\/en\/wp-json\/wp\/v2\/pages\/4052"}],"wp:featuredmedia":[{"embeddable":true,"href":"https:\/\/dentistaenzaragoza.net\/en\/wp-json\/wp\/v2\/media\/4095"}],"wp:attachment":[{"href":"https:\/\/dentistaenzaragoza.net\/en\/wp-json\/wp\/v2\/media?parent=4094"}],"curies":[{"name":"wp","href":"https:\/\/api.w.org\/{rel}","templated":true}]}}