{"id":4117,"date":"2026-04-02T09:16:18","date_gmt":"2026-04-02T09:16:18","guid":{"rendered":"https:\/\/dentistaenzaragoza.net\/?page_id=4117"},"modified":"2026-04-02T09:16:18","modified_gmt":"2026-04-02T09:16:18","slug":"immediate-load-dental-implants","status":"publish","type":"page","link":"https:\/\/dentistaenzaragoza.net\/en\/dental-implants\/immediate-load-dental-implants\/","title":{"rendered":"Immediate-load dental implants"},"content":{"rendered":"<section  class='av_textblock_section av-mnh8vf7b-0a73d6429f0525f4f20c6f8cb29e589a '  ><div class='avia_textblock' ><h1 style=\"text-align: center;\">Immediate-load dental implants<\/h1>\n<\/div><\/section>\n\n<style type=\"text\/css\" data-created_by=\"avia_inline_auto\" id=\"style-css-av-av_hr-10d55e05a900380e9634808c264f8cf5\">\n#top .hr.av-av_hr-10d55e05a900380e9634808c264f8cf5{\nmargin-top:20px;\nmargin-bottom:20px;\n}\n.hr.av-av_hr-10d55e05a900380e9634808c264f8cf5 .hr-inner{\nwidth:50px;\nborder-color:#eeee22;\n}\n<\/style>\n<div  class='hr av-av_hr-10d55e05a900380e9634808c264f8cf5 hr-custom  avia-builder-el-1  el_after_av_textblock  el_before_av_textblock  hr-center hr-icon-no'><span class='hr-inner inner-border-av-border-thin'><span class=\"hr-inner-style\"><\/span><\/span><\/div>\n<section  class='av_textblock_section av-mnh9ef2k-bca446cdfc0a8e191f7850c09bfd2a65 '  ><div class='avia_textblock' ><p><strong>Immediate-load dental implants <\/strong>also known as same-day dental implants\u2014are an efficient and immediate option for replacing your missing tooth or teeth in a single visit to the dentist.<\/p>\n<p>You can enjoy a perfect smile even during the post-surgery healing period. Compared to traditional implant procedures, which would require two or more visits and several months of waiting, <strong>immediate-load dental implants achieve the same level of success and provide results faster than ever before<\/strong>.<\/p>\n<p>That is why they are also advertised with slogans such as \u201c<em>dental implants in 24 hours<\/em>\u201d or similar.<\/p>\n<h2>Benefits of immediate-load implants<\/h2>\n<p>As the name suggests, immediate dental implants provide you with a functional and aesthetically pleasing replacement tooth in a single visit to the dentist.<\/p>\n<p>During this procedure, an existing tooth may be extracted, a titanium screw inserted, and a temporary dental crown placed\u2014all in the same appointment. By placing a temporary crown, we eliminate the need for additional removable dentures or unsightly gaps in the patient\u2019s smile.<\/p>\n<p>To achieve a permanent result, patients will need to return to the dental clinic once the permanent crown is ready.<\/p>\n<p>Other advantages of immediate implants:<\/p>\n<ul>\n<li>They are <strong>indistinguishable from your natural teeth<\/strong> and blend seamlessly with your smile<\/li>\n<li>They can be placed in <strong>a single visit<\/strong><\/li>\n<li>With proper care, they are a <strong>permanent solution<\/strong><\/li>\n<li>They allow you to eat almost any food after the <a href=\"https:\/\/en.wikipedia.org\/wiki\/Osseointegration\">osseointegration<\/a> process<\/li>\n<\/ul>\n<h2>Differences from traditional dental implants<\/h2>\n<p>When a patient undergoes traditional <a href=\"https:\/\/dentistaenzaragoza.net\/en\/dental-implants\/\">dental implant surgery<\/a>, their dentist will divide the procedure into two visits.<\/p>\n<p>The first visit will be to place the base of the dental implant in the jawbone. Over time, the dental implant will become securely anchored in place through the process of osseointegration.<\/p>\n<p>Osseointegration is the process by which the implant fuses with the jawbone, creating a secure and stable fit for the dental implant.<\/p>\n<p>The time between the first and second visits is to ensure proper osseointegration. At your second visit, your dentist will place your crown, securing it firmly to the base of your dental implant.<\/p>\n<p>However, <strong>immediate-load dental implants provide immediate tooth replacements<\/strong>.<\/p>\n<p>During the implant procedure, your dentist may even extract your tooth, simultaneously placing the implant and allowing the dentist to install the dental crown in its place.<\/p>\n<p>The dental crown is temporary and will be replaced by the permanent crown once the implant is fully integrated.<\/p>\n<h2>Cost of Immediate-Load Implants<\/h2>\n<p>To determine the cost of an immediate-load dental implant, you\u2019ll first need to consult with your dentist to determine what type of treatment is needed to create the smile of your dreams.<\/p>\n<p>The cost depends on the number of implants required and the complexity of the surgery.<\/p>\n<\/div><\/section>\n","protected":false},"excerpt":{"rendered":"","protected":false},"author":1,"featured_media":4118,"parent":3933,"menu_order":0,"comment_status":"closed","ping_status":"closed","template":"","meta":{"footnotes":""},"class_list":["post-4117","page","type-page","status-publish","has-post-thumbnail","hentry"],"yoast_head":"<!-- This site is optimized with the Yoast SEO plugin v26.0 - https:\/\/yoast.com\/wordpress\/plugins\/seo\/ -->\n<title>Immediate-load dental implants - Cl&iacute;nica Dental Dra. Tal&iacute;a Gil Pen&oacute;n<\/title>\n<meta name=\"description\" content=\"Immediate dental implants provide you with a functional and aesthetically pleasing replacement tooth in just one visit to the dentist.\" \/>\n<meta name=\"robots\" content=\"index, follow, max-snippet:-1, max-image-preview:large, max-video-preview:-1\" \/>\n<link rel=\"canonical\" href=\"https:\/\/dentistaenzaragoza.net\/en\/dental-implants\/immediate-load-dental-implants\/\" \/>\n<meta property=\"og:locale\" content=\"en_US\" \/>\n<meta property=\"og:type\" content=\"article\" \/>\n<meta property=\"og:title\" content=\"Immediate-load dental implants - Cl&iacute;nica Dental Dra. Tal&iacute;a Gil Pen&oacute;n\" \/>\n<meta property=\"og:description\" content=\"Immediate dental implants provide you with a functional and aesthetically pleasing replacement tooth in just one visit to the dentist.\" \/>\n<meta property=\"og:url\" content=\"https:\/\/dentistaenzaragoza.net\/en\/dental-implants\/immediate-load-dental-implants\/\" \/>\n<meta property=\"og:site_name\" content=\"Cl&iacute;nica Dental Dra. Tal&iacute;a Gil Pen&oacute;n\" \/>\n<meta property=\"article:publisher\" content=\"https:\/\/www.facebook.com\/clinicadentaltaliagil\/\" \/>\n<meta property=\"og:image\" content=\"https:\/\/dentistaenzaragoza.net\/wp-content\/uploads\/2026\/04\/Immediate-load-dental-implants.jpg\" \/>\n\t<meta property=\"og:image:width\" content=\"1210\" \/>\n\t<meta property=\"og:image:height\" content=\"423\" \/>\n\t<meta property=\"og:image:type\" content=\"image\/jpeg\" \/>\n<meta name=\"twitter:card\" content=\"summary_large_image\" \/>\n<meta name=\"twitter:site\" content=\"@DentistaZgz\" \/>\n<meta name=\"twitter:label1\" content=\"Est. reading time\" \/>\n\t<meta name=\"twitter:data1\" content=\"3 minutes\" \/>\n<script type=\"application\/ld+json\" class=\"yoast-schema-graph\">{\"@context\":\"https:\/\/schema.org\",\"@graph\":[{\"@type\":\"WebPage\",\"@id\":\"https:\/\/dentistaenzaragoza.net\/en\/dental-implants\/immediate-load-dental-implants\/\",\"url\":\"https:\/\/dentistaenzaragoza.net\/en\/dental-implants\/immediate-load-dental-implants\/\",\"name\":\"Immediate-load dental implants - Cl&iacute;nica Dental Dra. Tal&iacute;a Gil Pen&oacute;n\",\"isPartOf\":{\"@id\":\"https:\/\/dentistaenzaragoza.net\/#website\"},\"primaryImageOfPage\":{\"@id\":\"https:\/\/dentistaenzaragoza.net\/en\/dental-implants\/immediate-load-dental-implants\/#primaryimage\"},\"image\":{\"@id\":\"https:\/\/dentistaenzaragoza.net\/en\/dental-implants\/immediate-load-dental-implants\/#primaryimage\"},\"thumbnailUrl\":\"https:\/\/dentistaenzaragoza.net\/wp-content\/uploads\/2026\/04\/Immediate-load-dental-implants.jpg\",\"datePublished\":\"2026-04-02T09:16:18+00:00\",\"description\":\"Immediate dental implants provide you with a functional and aesthetically pleasing replacement tooth in just one visit to the dentist.\",\"breadcrumb\":{\"@id\":\"https:\/\/dentistaenzaragoza.net\/en\/dental-implants\/immediate-load-dental-implants\/#breadcrumb\"},\"inLanguage\":\"en-US\",\"potentialAction\":[{\"@type\":\"ReadAction\",\"target\":[\"https:\/\/dentistaenzaragoza.net\/en\/dental-implants\/immediate-load-dental-implants\/\"]}]},{\"@type\":\"ImageObject\",\"inLanguage\":\"en-US\",\"@id\":\"https:\/\/dentistaenzaragoza.net\/en\/dental-implants\/immediate-load-dental-implants\/#primaryimage\",\"url\":\"https:\/\/dentistaenzaragoza.net\/wp-content\/uploads\/2026\/04\/Immediate-load-dental-implants.jpg\",\"contentUrl\":\"https:\/\/dentistaenzaragoza.net\/wp-content\/uploads\/2026\/04\/Immediate-load-dental-implants.jpg\",\"width\":1210,\"height\":423,\"caption\":\"Immediate-load dental implants\"},{\"@type\":\"BreadcrumbList\",\"@id\":\"https:\/\/dentistaenzaragoza.net\/en\/dental-implants\/immediate-load-dental-implants\/#breadcrumb\",\"itemListElement\":[{\"@type\":\"ListItem\",\"position\":1,\"name\":\"Portada\",\"item\":\"https:\/\/dentistaenzaragoza.net\/\"},{\"@type\":\"ListItem\",\"position\":2,\"name\":\"Dental Implants\",\"item\":\"https:\/\/dentistaenzaragoza.net\/en\/dental-implants\/\"},{\"@type\":\"ListItem\",\"position\":3,\"name\":\"Immediate-load dental implants\"}]},{\"@type\":\"WebSite\",\"@id\":\"https:\/\/dentistaenzaragoza.net\/#website\",\"url\":\"https:\/\/dentistaenzaragoza.net\/\",\"name\":\"Cl&iacute;nica Dental Dra. Tal&iacute;a Gil Pen&oacute;n\",\"description\":\"Dentistas en Zaragoza, su clinica dental\",\"publisher\":{\"@id\":\"https:\/\/dentistaenzaragoza.net\/#organization\"},\"potentialAction\":[{\"@type\":\"SearchAction\",\"target\":{\"@type\":\"EntryPoint\",\"urlTemplate\":\"https:\/\/dentistaenzaragoza.net\/?s={search_term_string}\"},\"query-input\":{\"@type\":\"PropertyValueSpecification\",\"valueRequired\":true,\"valueName\":\"search_term_string\"}}],\"inLanguage\":\"en-US\"},{\"@type\":\"Organization\",\"@id\":\"https:\/\/dentistaenzaragoza.net\/#organization\",\"name\":\"Cl\u00ednica Dental Dra. Tal\u00eda Gil Pen\u00f3n\",\"url\":\"https:\/\/dentistaenzaragoza.net\/\",\"logo\":{\"@type\":\"ImageObject\",\"inLanguage\":\"en-US\",\"@id\":\"https:\/\/dentistaenzaragoza.net\/#\/schema\/logo\/image\/\",\"url\":\"https:\/\/dentistaenzaragoza.net\/wp-content\/uploads\/2019\/02\/dentista-zaragoza-barato-logo2.jpg\",\"contentUrl\":\"https:\/\/dentistaenzaragoza.net\/wp-content\/uploads\/2019\/02\/dentista-zaragoza-barato-logo2.jpg\",\"width\":340,\"height\":156,\"caption\":\"Cl\u00ednica Dental Dra. Tal\u00eda Gil Pen\u00f3n\"},\"image\":{\"@id\":\"https:\/\/dentistaenzaragoza.net\/#\/schema\/logo\/image\/\"},\"sameAs\":[\"https:\/\/www.facebook.com\/clinicadentaltaliagil\/\",\"https:\/\/x.com\/DentistaZgz\",\"https:\/\/www.youtube.com\/channel\/UCh3J0x1QwJ28gUqu4XKxZIw\"]}]}<\/script>\n<!-- \/ Yoast SEO plugin. -->","yoast_head_json":{"title":"Immediate-load dental implants - Cl&iacute;nica Dental Dra. Tal&iacute;a Gil Pen&oacute;n","description":"Immediate dental implants provide you with a functional and aesthetically pleasing replacement tooth in just one visit to the dentist.","robots":{"index":"index","follow":"follow","max-snippet":"max-snippet:-1","max-image-preview":"max-image-preview:large","max-video-preview":"max-video-preview:-1"},"canonical":"https:\/\/dentistaenzaragoza.net\/en\/dental-implants\/immediate-load-dental-implants\/","og_locale":"en_US","og_type":"article","og_title":"Immediate-load dental implants - Cl&iacute;nica Dental Dra. Tal&iacute;a Gil Pen&oacute;n","og_description":"Immediate dental implants provide you with a functional and aesthetically pleasing replacement tooth in just one visit to the dentist.","og_url":"https:\/\/dentistaenzaragoza.net\/en\/dental-implants\/immediate-load-dental-implants\/","og_site_name":"Cl&iacute;nica Dental Dra. Tal&iacute;a Gil Pen&oacute;n","article_publisher":"https:\/\/www.facebook.com\/clinicadentaltaliagil\/","og_image":[{"width":1210,"height":423,"url":"https:\/\/dentistaenzaragoza.net\/wp-content\/uploads\/2026\/04\/Immediate-load-dental-implants.jpg","type":"image\/jpeg"}],"twitter_card":"summary_large_image","twitter_site":"@DentistaZgz","twitter_misc":{"Est. reading time":"3 minutes"},"schema":{"@context":"https:\/\/schema.org","@graph":[{"@type":"WebPage","@id":"https:\/\/dentistaenzaragoza.net\/en\/dental-implants\/immediate-load-dental-implants\/","url":"https:\/\/dentistaenzaragoza.net\/en\/dental-implants\/immediate-load-dental-implants\/","name":"Immediate-load dental implants - Cl&iacute;nica Dental Dra. Tal&iacute;a Gil Pen&oacute;n","isPartOf":{"@id":"https:\/\/dentistaenzaragoza.net\/#website"},"primaryImageOfPage":{"@id":"https:\/\/dentistaenzaragoza.net\/en\/dental-implants\/immediate-load-dental-implants\/#primaryimage"},"image":{"@id":"https:\/\/dentistaenzaragoza.net\/en\/dental-implants\/immediate-load-dental-implants\/#primaryimage"},"thumbnailUrl":"https:\/\/dentistaenzaragoza.net\/wp-content\/uploads\/2026\/04\/Immediate-load-dental-implants.jpg","datePublished":"2026-04-02T09:16:18+00:00","description":"Immediate dental implants provide you with a functional and aesthetically pleasing replacement tooth in just one visit to the dentist.","breadcrumb":{"@id":"https:\/\/dentistaenzaragoza.net\/en\/dental-implants\/immediate-load-dental-implants\/#breadcrumb"},"inLanguage":"en-US","potentialAction":[{"@type":"ReadAction","target":["https:\/\/dentistaenzaragoza.net\/en\/dental-implants\/immediate-load-dental-implants\/"]}]},{"@type":"ImageObject","inLanguage":"en-US","@id":"https:\/\/dentistaenzaragoza.net\/en\/dental-implants\/immediate-load-dental-implants\/#primaryimage","url":"https:\/\/dentistaenzaragoza.net\/wp-content\/uploads\/2026\/04\/Immediate-load-dental-implants.jpg","contentUrl":"https:\/\/dentistaenzaragoza.net\/wp-content\/uploads\/2026\/04\/Immediate-load-dental-implants.jpg","width":1210,"height":423,"caption":"Immediate-load dental implants"},{"@type":"BreadcrumbList","@id":"https:\/\/dentistaenzaragoza.net\/en\/dental-implants\/immediate-load-dental-implants\/#breadcrumb","itemListElement":[{"@type":"ListItem","position":1,"name":"Portada","item":"https:\/\/dentistaenzaragoza.net\/"},{"@type":"ListItem","position":2,"name":"Dental Implants","item":"https:\/\/dentistaenzaragoza.net\/en\/dental-implants\/"},{"@type":"ListItem","position":3,"name":"Immediate-load dental implants"}]},{"@type":"WebSite","@id":"https:\/\/dentistaenzaragoza.net\/#website","url":"https:\/\/dentistaenzaragoza.net\/","name":"Cl&iacute;nica Dental Dra. Tal&iacute;a Gil Pen&oacute;n","description":"Dentistas en Zaragoza, su clinica dental","publisher":{"@id":"https:\/\/dentistaenzaragoza.net\/#organization"},"potentialAction":[{"@type":"SearchAction","target":{"@type":"EntryPoint","urlTemplate":"https:\/\/dentistaenzaragoza.net\/?s={search_term_string}"},"query-input":{"@type":"PropertyValueSpecification","valueRequired":true,"valueName":"search_term_string"}}],"inLanguage":"en-US"},{"@type":"Organization","@id":"https:\/\/dentistaenzaragoza.net\/#organization","name":"Cl\u00ednica Dental Dra. Tal\u00eda Gil Pen\u00f3n","url":"https:\/\/dentistaenzaragoza.net\/","logo":{"@type":"ImageObject","inLanguage":"en-US","@id":"https:\/\/dentistaenzaragoza.net\/#\/schema\/logo\/image\/","url":"https:\/\/dentistaenzaragoza.net\/wp-content\/uploads\/2019\/02\/dentista-zaragoza-barato-logo2.jpg","contentUrl":"https:\/\/dentistaenzaragoza.net\/wp-content\/uploads\/2019\/02\/dentista-zaragoza-barato-logo2.jpg","width":340,"height":156,"caption":"Cl\u00ednica Dental Dra. Tal\u00eda Gil Pen\u00f3n"},"image":{"@id":"https:\/\/dentistaenzaragoza.net\/#\/schema\/logo\/image\/"},"sameAs":["https:\/\/www.facebook.com\/clinicadentaltaliagil\/","https:\/\/x.com\/DentistaZgz","https:\/\/www.youtube.com\/channel\/UCh3J0x1QwJ28gUqu4XKxZIw"]}]}},"_links":{"self":[{"href":"https:\/\/dentistaenzaragoza.net\/en\/wp-json\/wp\/v2\/pages\/4117","targetHints":{"allow":["GET"]}}],"collection":[{"href":"https:\/\/dentistaenzaragoza.net\/en\/wp-json\/wp\/v2\/pages"}],"about":[{"href":"https:\/\/dentistaenzaragoza.net\/en\/wp-json\/wp\/v2\/types\/page"}],"author":[{"embeddable":true,"href":"https:\/\/dentistaenzaragoza.net\/en\/wp-json\/wp\/v2\/users\/1"}],"replies":[{"embeddable":true,"href":"https:\/\/dentistaenzaragoza.net\/en\/wp-json\/wp\/v2\/comments?post=4117"}],"version-history":[{"count":2,"href":"https:\/\/dentistaenzaragoza.net\/en\/wp-json\/wp\/v2\/pages\/4117\/revisions"}],"predecessor-version":[{"id":4123,"href":"https:\/\/dentistaenzaragoza.net\/en\/wp-json\/wp\/v2\/pages\/4117\/revisions\/4123"}],"up":[{"embeddable":true,"href":"https:\/\/dentistaenzaragoza.net\/en\/wp-json\/wp\/v2\/pages\/3933"}],"wp:featuredmedia":[{"embeddable":true,"href":"https:\/\/dentistaenzaragoza.net\/en\/wp-json\/wp\/v2\/media\/4118"}],"wp:attachment":[{"href":"https:\/\/dentistaenzaragoza.net\/en\/wp-json\/wp\/v2\/media?parent=4117"}],"curies":[{"name":"wp","href":"https:\/\/api.w.org\/{rel}","templated":true}]}}