{"id":4167,"date":"2026-05-09T10:04:17","date_gmt":"2026-05-09T10:04:17","guid":{"rendered":"https:\/\/dentistaenzaragoza.net\/?page_id=4167"},"modified":"2026-05-09T10:09:35","modified_gmt":"2026-05-09T10:09:35","slug":"self-ligating-braces","status":"publish","type":"page","link":"https:\/\/dentistaenzaragoza.net\/en\/orthodontics\/self-ligating-braces\/","title":{"rendered":"Damon Self-Ligating Orthodontics"},"content":{"rendered":"\n<style type=\"text\/css\" data-created_by=\"avia_inline_auto\" id=\"style-css-av-axvtw7-ee97ab1db0b90cac8ec84545bc1fd3dd\">\n#top .hr.hr-invisible.av-axvtw7-ee97ab1db0b90cac8ec84545bc1fd3dd{\nheight:50px;\n}\n<\/style>\n<div  class='hr av-axvtw7-ee97ab1db0b90cac8ec84545bc1fd3dd hr-invisible  avia-builder-el-0  el_before_av_textblock  avia-builder-el-first '><span class='hr-inner '><span class=\"hr-inner-style\"><\/span><\/span><\/div>\n<section  class='av_textblock_section av-moy64wvb-7e0f567d5fc8e9d7a40b9cebcd4cdc66 '  ><div class='avia_textblock' ><h1 style=\"text-align: center;\">Damon Self-Ligating Orthodontics<\/h1>\n<\/div><\/section>\n\n<style type=\"text\/css\" data-created_by=\"avia_inline_auto\" id=\"style-css-av-9vjijb-c8038f9cd9cb37502e56e86927c2638f\">\n#top .hr.av-9vjijb-c8038f9cd9cb37502e56e86927c2638f{\nmargin-top:20px;\nmargin-bottom:20px;\n}\n.hr.av-9vjijb-c8038f9cd9cb37502e56e86927c2638f .hr-inner{\nwidth:50px;\nborder-color:#eeee22;\n}\n<\/style>\n<div  class='hr av-9vjijb-c8038f9cd9cb37502e56e86927c2638f hr-custom  avia-builder-el-2  el_after_av_textblock  el_before_av_one_half  hr-center hr-icon-no'><span class='hr-inner inner-border-av-border-thin'><span class=\"hr-inner-style\"><\/span><\/span><\/div>\n<div  class='flex_column av-7958kn-2477a3947fa9f2d43a3ca08213958d33 av_one_half  avia-builder-el-3  el_after_av_hr  el_before_av_one_half  first flex_column_div  '     ><p><iframe title=\"YouTube video player\" src=\"https:\/\/www.youtube.com\/embed\/DFy4aGcoxPw?si=NWEss0i6nSinYOu4\" width=\"560\" height=\"315\" frameborder=\"0\" allowfullscreen=\"allowfullscreen\"><\/iframe><\/p><\/div>\n<div  class='flex_column av-57t29z-dadda204b4d86bd495015c09bec9db27 av_one_half  avia-builder-el-4  el_after_av_one_half  el_before_av_one_full  flex_column_div  '     ><p>Unlike uncomfortable and bulky traditional orthodontic treatments, Damon braces will help you achieve a dazzling, straight smile in a much more comfortable, faster, and efficient way.<\/p>\n<p>At our dental clinic in Zaragoza, we have extensive experience with the Damon self-ligating system. We have achieved exceptional results with patients diagnosed as \u201cuntreatable\u201d by other professionals. And all of this without extracting healthy teeth.<\/p><\/div>\n<div  class='flex_column av-4mhbdz-73236061e57813587a10628f46b0f356 av_one_full  avia-builder-el-5  el_after_av_one_half  el_before_av_textblock  first flex_column_div  column-top-margin'     ><h2>What are self-ligating braces?<\/h2>\n<p>One of the key advantages of this type of treatment is its speed. In our article on the types of <a href=\"https:\/\/dentistaenzaragoza.net\/en\/orthodontics\/\">orthodontic treatment in Zaragoza<\/a>, we discussed at length the main differences between all the available treatments.<\/p>\n<p>Therefore, for patients who prioritize quick results above all other factors, self-ligating braces may be their best option.<\/p>\n<p>Self-ligating orthodontics is one of the most effective orthodontic treatments. It offers significant advantages; its goal, like that of other orthodontic treatments, is to correct malocclusion and misalignment of the teeth, whether they are too close together, too far apart, or even crooked.<\/p>\n<p>The ultimate goal is to move them into a functional and aesthetically pleasing position.<\/p>\n<p>This treatment achieves tooth movement or displacement through pressure exerted by arch-wires and transmitted to the teeth via the brackets. This fixed orthodontic system, for the reasons we will discuss below, presents itself as an excellent alternative to traditional or conventional braces.<\/p>\n<p>Self-ligating orthodontics can be used for both children over the age of 10 and adults.<\/p>\n<h2>Self-Ligating Orthodontics vs. Traditional Orthodontics<\/h2>\n<p>The difference is that traditional braces use plastic ligatures or elastics\u2014which can be either clear or colored\u2014whose function is to secure the archwire to the brackets. In contrast, the self-ligating system eliminates the need for these elastics and replaces them with a clip or cap, which presses the wire or archwire into the slot and holds it in place.<\/p>\n<p>It is worth noting that, although traditional orthodontics achieves proper tooth alignment and is 100% functional, certain issues always arise. For example, the elastics or ligatures lose their tension quickly. This is why they need to be replaced monthly. They can even change color, significantly affecting aesthetics.<\/p>\n<p>In addition, these elastics generate more force and cause greater friction, as there is more friction between the wire and the bracket. This produces the familiar sensation of pressure in the patient.<\/p>\n<p>The elastics can even break and come off the arch-wire, which we can avoid by using self-ligating brackets.<\/p>\n<h2>Benefits of Damon Self-Ligating Orthodontics<\/h2>\n<p>In addition to the replacement of the rubber bands, this type of orthodontic treatment offers other features that make it a smarter choice. Not only does it provide greater comfort for the patient while delivering the same results, but it also offers the following advantages:<\/p>\n<ul>\n<li><strong>Fewer visits to the dentist<\/strong>. This is because the metal clip mechanism that holds the wire in place allows it to work effectively for longer and eliminates the need for replacements, unlike rubber bands. Adjustments can be made every 2 to 2.5 months.<\/li>\n<li><strong>Appointments are shorter.<\/strong> Checkups are simpler, and if treatment is needed, it\u2019s easier to perform. Emergencies are also reduced; there\u2019s no need for sudden visits to the specialist, since there are no rubber bands that can come loose.<\/li>\n<li><strong>Treatment can be completed more quickly<\/strong>, as the force of the wire is more consistent and tooth movement occurs faster.<\/li>\n<li>During the initial adjustment period, <strong>there is little pain<\/strong>; patients simply need to follow a soft diet and maintain impeccable oral hygiene.<\/li>\n<li>Patients feel more comfortable and experience <strong>less pain or tension during treatment<\/strong>, thanks to reduced friction. It should also be noted that fewer sores develop, soft tissues are better protected, and the roots do not undergo resorption.<\/li>\n<li><strong>Dental hygiene improves significantly<\/strong>. The clips do not trap food particles and bacteria the way elastics do. The elastics used with traditional braces are made of polymer and have a porous texture that easily traps bacterial plaque, which\u2014due to poor hygiene\u2014can lead to bad breath, cavities, and even gingivitis, with the associated bleeding of the gums.<\/li>\n<li><strong>Tooth extractions are not necessary<\/strong>, as this type of orthodontic treatment allows for the creation of more space for alignment.<\/li>\n<li>Aesthetically, it is <strong>more discreet<\/strong>, and this can make a difference in the patient\u2019s confidence. Additionally, you can choose between two types: metal and porcelain.<\/li>\n<\/ul>\n<h2>Disadvantages of the treatment<\/h2>\n<p>Self-ligating orthodontics has very few drawbacks. The main one is that the <strong>total cost of treatment is slightly higher<\/strong> than that of conventional orthodontics. However, when you consider all the benefits it offers and the<strong> savings from fewer appointments<\/strong>, the cost no longer seems like a drawback.<\/p>\n<p>On the other hand, not all orthodontists are certified to perform this treatment. That is why it is important to see a qualified specialist who can do the best job, ensuring successful results.<\/p>\n<h2>Brands of this type of orthodontic treatment<\/h2>\n<p>There is a wide variety of self-ligating orthodontic brands available on the market. Among the most common or well-known are the <a href=\"https:\/\/ormco.es\/productos\/brackets\/brackets-de-autoligado\/damon-system\/\">Damon System by Ormco<\/a>, In-Ovation by GAC, and Smart-Clip by 3M. However, to ensure the desired results, it is essential to have a professional orthodontist and for the patient to follow proper care instructions.<\/p><\/div>\n<section  class='av_textblock_section av-2rgrjb-a0e8c1e2f937b47c9809527521628491 '  ><div class='avia_textblock' ><p><script type=\"application\/ld+json\">\n{\n  \"@context\": \"https:\/\/schema.org\/\", \n  \"@type\": \"Product\", \n  \"name\": \"Ortodoncia Autoligado Damon\",\n  \"image\": \"https:\/\/dentistaenzaragoza.net\/wp-content\/uploads\/2019\/05\/ortodoncia-invisible-invisalign-zaragoza.jpg\",\n  \"description\": \"Ortodoncia Invisible Invisalign. Brackets transparentes que permiten alinear tu dentadura de una manera discreta.\",\n  \"brand\": {\n    \"@type\": \"Brand\",\n    \"name\": \"Damon System, Ormco\"\n  },\n  \"aggregateRating\": {\n    \"@type\": \"AggregateRating\",\n    \"ratingValue\": \"5\",\n    \"bestRating\": \"5\",\n    \"worstRating\": \"1\",\n    \"ratingCount\": \"3\",\n    \"reviewCount\": \"3\"\n  },\n  \"review\": [{\n    \"@type\": \"Review\",\n    \"name\": \"Javier P\u00e9rez\",\n    \"reviewBody\": \"Un excelente trabajo de ortodoncia Damon, muy satisfecho con el resutado.\",\n    \"reviewRating\": {\n      \"@type\": \"Rating\",\n      \"ratingValue\": \"5\",\n      \"bestRating\": \"5\",\n      \"worstRating\": \"1\"\n    },\n    \"datePublished\": \"2021-09-01\",\n    \"author\": {\"@type\": \"Person\", \"name\": \"Javier P\u00e9rez\"}\n  },{\n    \"@type\": \"Review\",\n    \"name\": \"Mar\u00eda P\u00e9rez\",\n    \"reviewBody\": \"Desde que nos mudamos a Zaragoza desde Madrid no cambiamos de dentista, y ya van m\u00e1s de 5 a\u00f1os. Los ni\u00f1os se han puesto la ortodoncia Damon aqu\u00ed y tanto mi mujer como yo estamos muy contentos.\",\n    \"reviewRating\": {\n      \"@type\": \"Rating\",\n      \"ratingValue\": \"5\",\n      \"bestRating\": \"5\",\n      \"worstRating\": \"1\"\n    },\n    \"datePublished\": \"2019-03-25\",\n    \"author\": {\"@type\": \"Person\", \"name\": \"Mar\u00eda P\u00e9rez\"}\n  },{\n    \"@type\": \"Review\",\n    \"name\": \"Iv\u00e1n Mart\u00ednez\",\n    \"reviewBody\": \"Tanto mi marido como yo nos tratamos con el equipo de Tal\u00eda y no podemos estar m\u00e1s contento con los brackets de autoligado\",\n    \"reviewRating\": {\n      \"@type\": \"Rating\",\n      \"ratingValue\": \"5\",\n      \"bestRating\": \"5\",\n      \"worstRating\": \"1\"\n    },\n    \"datePublished\": \"2022-12-03\",\n    \"author\": {\"@type\": \"Person\", \"name\": \"Iv\u00e1n Mart\u00edne\"}\n  }]\n}\n<\/script><\/p>\n<\/div><\/section>\n","protected":false},"excerpt":{"rendered":"","protected":false},"author":1,"featured_media":4171,"parent":3947,"menu_order":0,"comment_status":"closed","ping_status":"closed","template":"","meta":{"footnotes":""},"class_list":["post-4167","page","type-page","status-publish","has-post-thumbnail","hentry"],"yoast_head":"<!-- This site is optimized with the Yoast SEO plugin v26.0 - https:\/\/yoast.com\/wordpress\/plugins\/seo\/ -->\n<title>Orthodontics with Damon self-ligating braces in Zaragoza<\/title>\n<meta name=\"description\" content=\"Damon self-ligating braces will help you achieve a dazzling, straight smile in a much more comfortable, faster, and more efficient way.\" \/>\n<meta name=\"robots\" content=\"index, follow, max-snippet:-1, max-image-preview:large, max-video-preview:-1\" \/>\n<link rel=\"canonical\" href=\"https:\/\/dentistaenzaragoza.net\/en\/orthodontics\/self-ligating-braces\/\" \/>\n<meta property=\"og:locale\" content=\"en_US\" \/>\n<meta property=\"og:type\" content=\"article\" \/>\n<meta property=\"og:title\" content=\"Orthodontics with Damon self-ligating braces in Zaragoza\" \/>\n<meta property=\"og:description\" content=\"Damon self-ligating braces will help you achieve a dazzling, straight smile in a much more comfortable, faster, and more efficient way.\" \/>\n<meta property=\"og:url\" content=\"https:\/\/dentistaenzaragoza.net\/en\/orthodontics\/self-ligating-braces\/\" \/>\n<meta property=\"og:site_name\" content=\"Cl&iacute;nica Dental Dra. Tal&iacute;a Gil Pen&oacute;n\" \/>\n<meta property=\"article:publisher\" content=\"https:\/\/www.facebook.com\/clinicadentaltaliagil\/\" \/>\n<meta property=\"article:modified_time\" content=\"2026-05-09T10:09:35+00:00\" \/>\n<meta property=\"og:image\" content=\"https:\/\/dentistaenzaragoza.net\/wp-content\/uploads\/2026\/05\/Damon-self-ligating-braces.webp\" \/>\n\t<meta property=\"og:image:width\" content=\"1210\" \/>\n\t<meta property=\"og:image:height\" content=\"423\" \/>\n\t<meta property=\"og:image:type\" content=\"image\/webp\" \/>\n<meta name=\"twitter:card\" content=\"summary_large_image\" \/>\n<meta name=\"twitter:site\" content=\"@DentistaZgz\" \/>\n<meta name=\"twitter:label1\" content=\"Est. reading time\" \/>\n\t<meta name=\"twitter:data1\" content=\"4 minutes\" \/>\n<script type=\"application\/ld+json\" class=\"yoast-schema-graph\">{\"@context\":\"https:\/\/schema.org\",\"@graph\":[{\"@type\":\"WebPage\",\"@id\":\"https:\/\/dentistaenzaragoza.net\/en\/orthodontics\/self-ligating-braces\/\",\"url\":\"https:\/\/dentistaenzaragoza.net\/en\/orthodontics\/self-ligating-braces\/\",\"name\":\"Orthodontics with Damon self-ligating braces in Zaragoza\",\"isPartOf\":{\"@id\":\"https:\/\/dentistaenzaragoza.net\/#website\"},\"primaryImageOfPage\":{\"@id\":\"https:\/\/dentistaenzaragoza.net\/en\/orthodontics\/self-ligating-braces\/#primaryimage\"},\"image\":{\"@id\":\"https:\/\/dentistaenzaragoza.net\/en\/orthodontics\/self-ligating-braces\/#primaryimage\"},\"thumbnailUrl\":\"https:\/\/dentistaenzaragoza.net\/wp-content\/uploads\/2026\/05\/Damon-self-ligating-braces.webp\",\"datePublished\":\"2026-05-09T10:04:17+00:00\",\"dateModified\":\"2026-05-09T10:09:35+00:00\",\"description\":\"Damon self-ligating braces will help you achieve a dazzling, straight smile in a much more comfortable, faster, and more efficient way.\",\"breadcrumb\":{\"@id\":\"https:\/\/dentistaenzaragoza.net\/en\/orthodontics\/self-ligating-braces\/#breadcrumb\"},\"inLanguage\":\"en-US\",\"potentialAction\":[{\"@type\":\"ReadAction\",\"target\":[\"https:\/\/dentistaenzaragoza.net\/en\/orthodontics\/self-ligating-braces\/\"]}]},{\"@type\":\"ImageObject\",\"inLanguage\":\"en-US\",\"@id\":\"https:\/\/dentistaenzaragoza.net\/en\/orthodontics\/self-ligating-braces\/#primaryimage\",\"url\":\"https:\/\/dentistaenzaragoza.net\/wp-content\/uploads\/2026\/05\/Damon-self-ligating-braces.webp\",\"contentUrl\":\"https:\/\/dentistaenzaragoza.net\/wp-content\/uploads\/2026\/05\/Damon-self-ligating-braces.webp\",\"width\":1210,\"height\":423,\"caption\":\"Damon self-ligating braces\"},{\"@type\":\"BreadcrumbList\",\"@id\":\"https:\/\/dentistaenzaragoza.net\/en\/orthodontics\/self-ligating-braces\/#breadcrumb\",\"itemListElement\":[{\"@type\":\"ListItem\",\"position\":1,\"name\":\"Portada\",\"item\":\"https:\/\/dentistaenzaragoza.net\/\"},{\"@type\":\"ListItem\",\"position\":2,\"name\":\"Orthodontics\",\"item\":\"https:\/\/dentistaenzaragoza.net\/en\/orthodontics\/\"},{\"@type\":\"ListItem\",\"position\":3,\"name\":\"Damon Self-Ligating Orthodontics\"}]},{\"@type\":\"WebSite\",\"@id\":\"https:\/\/dentistaenzaragoza.net\/#website\",\"url\":\"https:\/\/dentistaenzaragoza.net\/\",\"name\":\"Cl&iacute;nica Dental Dra. Tal&iacute;a Gil Pen&oacute;n\",\"description\":\"Dentistas en Zaragoza, su clinica dental\",\"publisher\":{\"@id\":\"https:\/\/dentistaenzaragoza.net\/#organization\"},\"potentialAction\":[{\"@type\":\"SearchAction\",\"target\":{\"@type\":\"EntryPoint\",\"urlTemplate\":\"https:\/\/dentistaenzaragoza.net\/?s={search_term_string}\"},\"query-input\":{\"@type\":\"PropertyValueSpecification\",\"valueRequired\":true,\"valueName\":\"search_term_string\"}}],\"inLanguage\":\"en-US\"},{\"@type\":\"Organization\",\"@id\":\"https:\/\/dentistaenzaragoza.net\/#organization\",\"name\":\"Cl\u00ednica Dental Dra. Tal\u00eda Gil Pen\u00f3n\",\"url\":\"https:\/\/dentistaenzaragoza.net\/\",\"logo\":{\"@type\":\"ImageObject\",\"inLanguage\":\"en-US\",\"@id\":\"https:\/\/dentistaenzaragoza.net\/#\/schema\/logo\/image\/\",\"url\":\"https:\/\/dentistaenzaragoza.net\/wp-content\/uploads\/2019\/02\/dentista-zaragoza-barato-logo2.jpg\",\"contentUrl\":\"https:\/\/dentistaenzaragoza.net\/wp-content\/uploads\/2019\/02\/dentista-zaragoza-barato-logo2.jpg\",\"width\":340,\"height\":156,\"caption\":\"Cl\u00ednica Dental Dra. Tal\u00eda Gil Pen\u00f3n\"},\"image\":{\"@id\":\"https:\/\/dentistaenzaragoza.net\/#\/schema\/logo\/image\/\"},\"sameAs\":[\"https:\/\/www.facebook.com\/clinicadentaltaliagil\/\",\"https:\/\/x.com\/DentistaZgz\",\"https:\/\/www.youtube.com\/channel\/UCh3J0x1QwJ28gUqu4XKxZIw\"]}]}<\/script>\n<!-- \/ Yoast SEO plugin. -->","yoast_head_json":{"title":"Orthodontics with Damon self-ligating braces in Zaragoza","description":"Damon self-ligating braces will help you achieve a dazzling, straight smile in a much more comfortable, faster, and more efficient way.","robots":{"index":"index","follow":"follow","max-snippet":"max-snippet:-1","max-image-preview":"max-image-preview:large","max-video-preview":"max-video-preview:-1"},"canonical":"https:\/\/dentistaenzaragoza.net\/en\/orthodontics\/self-ligating-braces\/","og_locale":"en_US","og_type":"article","og_title":"Orthodontics with Damon self-ligating braces in Zaragoza","og_description":"Damon self-ligating braces will help you achieve a dazzling, straight smile in a much more comfortable, faster, and more efficient way.","og_url":"https:\/\/dentistaenzaragoza.net\/en\/orthodontics\/self-ligating-braces\/","og_site_name":"Cl&iacute;nica Dental Dra. Tal&iacute;a Gil Pen&oacute;n","article_publisher":"https:\/\/www.facebook.com\/clinicadentaltaliagil\/","article_modified_time":"2026-05-09T10:09:35+00:00","og_image":[{"width":1210,"height":423,"url":"https:\/\/dentistaenzaragoza.net\/wp-content\/uploads\/2026\/05\/Damon-self-ligating-braces.webp","type":"image\/webp"}],"twitter_card":"summary_large_image","twitter_site":"@DentistaZgz","twitter_misc":{"Est. reading time":"4 minutes"},"schema":{"@context":"https:\/\/schema.org","@graph":[{"@type":"WebPage","@id":"https:\/\/dentistaenzaragoza.net\/en\/orthodontics\/self-ligating-braces\/","url":"https:\/\/dentistaenzaragoza.net\/en\/orthodontics\/self-ligating-braces\/","name":"Orthodontics with Damon self-ligating braces in Zaragoza","isPartOf":{"@id":"https:\/\/dentistaenzaragoza.net\/#website"},"primaryImageOfPage":{"@id":"https:\/\/dentistaenzaragoza.net\/en\/orthodontics\/self-ligating-braces\/#primaryimage"},"image":{"@id":"https:\/\/dentistaenzaragoza.net\/en\/orthodontics\/self-ligating-braces\/#primaryimage"},"thumbnailUrl":"https:\/\/dentistaenzaragoza.net\/wp-content\/uploads\/2026\/05\/Damon-self-ligating-braces.webp","datePublished":"2026-05-09T10:04:17+00:00","dateModified":"2026-05-09T10:09:35+00:00","description":"Damon self-ligating braces will help you achieve a dazzling, straight smile in a much more comfortable, faster, and more efficient way.","breadcrumb":{"@id":"https:\/\/dentistaenzaragoza.net\/en\/orthodontics\/self-ligating-braces\/#breadcrumb"},"inLanguage":"en-US","potentialAction":[{"@type":"ReadAction","target":["https:\/\/dentistaenzaragoza.net\/en\/orthodontics\/self-ligating-braces\/"]}]},{"@type":"ImageObject","inLanguage":"en-US","@id":"https:\/\/dentistaenzaragoza.net\/en\/orthodontics\/self-ligating-braces\/#primaryimage","url":"https:\/\/dentistaenzaragoza.net\/wp-content\/uploads\/2026\/05\/Damon-self-ligating-braces.webp","contentUrl":"https:\/\/dentistaenzaragoza.net\/wp-content\/uploads\/2026\/05\/Damon-self-ligating-braces.webp","width":1210,"height":423,"caption":"Damon self-ligating braces"},{"@type":"BreadcrumbList","@id":"https:\/\/dentistaenzaragoza.net\/en\/orthodontics\/self-ligating-braces\/#breadcrumb","itemListElement":[{"@type":"ListItem","position":1,"name":"Portada","item":"https:\/\/dentistaenzaragoza.net\/"},{"@type":"ListItem","position":2,"name":"Orthodontics","item":"https:\/\/dentistaenzaragoza.net\/en\/orthodontics\/"},{"@type":"ListItem","position":3,"name":"Damon Self-Ligating Orthodontics"}]},{"@type":"WebSite","@id":"https:\/\/dentistaenzaragoza.net\/#website","url":"https:\/\/dentistaenzaragoza.net\/","name":"Cl&iacute;nica Dental Dra. Tal&iacute;a Gil Pen&oacute;n","description":"Dentistas en Zaragoza, su clinica dental","publisher":{"@id":"https:\/\/dentistaenzaragoza.net\/#organization"},"potentialAction":[{"@type":"SearchAction","target":{"@type":"EntryPoint","urlTemplate":"https:\/\/dentistaenzaragoza.net\/?s={search_term_string}"},"query-input":{"@type":"PropertyValueSpecification","valueRequired":true,"valueName":"search_term_string"}}],"inLanguage":"en-US"},{"@type":"Organization","@id":"https:\/\/dentistaenzaragoza.net\/#organization","name":"Cl\u00ednica Dental Dra. Tal\u00eda Gil Pen\u00f3n","url":"https:\/\/dentistaenzaragoza.net\/","logo":{"@type":"ImageObject","inLanguage":"en-US","@id":"https:\/\/dentistaenzaragoza.net\/#\/schema\/logo\/image\/","url":"https:\/\/dentistaenzaragoza.net\/wp-content\/uploads\/2019\/02\/dentista-zaragoza-barato-logo2.jpg","contentUrl":"https:\/\/dentistaenzaragoza.net\/wp-content\/uploads\/2019\/02\/dentista-zaragoza-barato-logo2.jpg","width":340,"height":156,"caption":"Cl\u00ednica Dental Dra. Tal\u00eda Gil Pen\u00f3n"},"image":{"@id":"https:\/\/dentistaenzaragoza.net\/#\/schema\/logo\/image\/"},"sameAs":["https:\/\/www.facebook.com\/clinicadentaltaliagil\/","https:\/\/x.com\/DentistaZgz","https:\/\/www.youtube.com\/channel\/UCh3J0x1QwJ28gUqu4XKxZIw"]}]}},"_links":{"self":[{"href":"https:\/\/dentistaenzaragoza.net\/en\/wp-json\/wp\/v2\/pages\/4167","targetHints":{"allow":["GET"]}}],"collection":[{"href":"https:\/\/dentistaenzaragoza.net\/en\/wp-json\/wp\/v2\/pages"}],"about":[{"href":"https:\/\/dentistaenzaragoza.net\/en\/wp-json\/wp\/v2\/types\/page"}],"author":[{"embeddable":true,"href":"https:\/\/dentistaenzaragoza.net\/en\/wp-json\/wp\/v2\/users\/1"}],"replies":[{"embeddable":true,"href":"https:\/\/dentistaenzaragoza.net\/en\/wp-json\/wp\/v2\/comments?post=4167"}],"version-history":[{"count":3,"href":"https:\/\/dentistaenzaragoza.net\/en\/wp-json\/wp\/v2\/pages\/4167\/revisions"}],"predecessor-version":[{"id":4169,"href":"https:\/\/dentistaenzaragoza.net\/en\/wp-json\/wp\/v2\/pages\/4167\/revisions\/4169"}],"up":[{"embeddable":true,"href":"https:\/\/dentistaenzaragoza.net\/en\/wp-json\/wp\/v2\/pages\/3947"}],"wp:featuredmedia":[{"embeddable":true,"href":"https:\/\/dentistaenzaragoza.net\/en\/wp-json\/wp\/v2\/media\/4171"}],"wp:attachment":[{"href":"https:\/\/dentistaenzaragoza.net\/en\/wp-json\/wp\/v2\/media?parent=4167"}],"curies":[{"name":"wp","href":"https:\/\/api.w.org\/{rel}","templated":true}]}}